{"id":71,"date":"2021-02-18T00:36:23","date_gmt":"2021-02-17T23:36:23","guid":{"rendered":"https:\/\/zamred.com\/?page_id=71"},"modified":"2021-03-10T01:46:48","modified_gmt":"2021-03-10T00:46:48","slug":"access-to-experts","status":"publish","type":"page","link":"https:\/\/www.zamred.com\/de\/access-to-experts\/","title":{"rendered":"Zugang zu Experten"},"content":{"rendered":"<div data-elementor-type=\"wp-page\" data-elementor-id=\"71\" class=\"elementor elementor-71\" data-elementor-post-type=\"page\">\n\t\t\t\t\t\t<section class=\"elementor-section elementor-top-section elementor-element elementor-element-187063b4 elementor-section-height-min-height elementor-section-boxed elementor-section-height-default elementor-section-items-middle\" data-id=\"187063b4\" data-element_type=\"section\" data-e-type=\"section\" data-settings=\"{&quot;background_background&quot;:&quot;classic&quot;}\">\n\t\t\t\t\t\t<div class=\"elementor-container elementor-column-gap-default\">\n\t\t\t\t\t<div class=\"elementor-column elementor-col-50 elementor-top-column elementor-element elementor-element-6bb91be4\" data-id=\"6bb91be4\" data-element_type=\"column\" data-e-type=\"column\">\n\t\t\t<div class=\"elementor-widget-wrap elementor-element-populated\">\n\t\t\t\t\t\t<div class=\"elementor-element elementor-element-16e0e0e7 de_scroll_animation_no elementor-invisible elementor-widget elementor-widget-heading\" data-id=\"16e0e0e7\" data-element_type=\"widget\" data-e-type=\"widget\" data-settings=\"{&quot;_animation&quot;:&quot;fadeInUp&quot;,&quot;_animation_delay&quot;:300}\" data-widget_type=\"heading.default\">\n\t\t\t\t<div class=\"elementor-widget-container\">\n\t\t\t\t\t<h2 class=\"elementor-heading-title elementor-size-default\">Zugang zu Experten<\/h2>\t\t\t\t<\/div>\n\t\t\t\t<\/div>\n\t\t\t\t<div class=\"elementor-element elementor-element-9e63b36 de_scroll_animation_no elementor-invisible elementor-widget elementor-widget-text-editor\" data-id=\"9e63b36\" data-element_type=\"widget\" data-e-type=\"widget\" data-settings=\"{&quot;_animation&quot;:&quot;fadeInDown&quot;,&quot;_animation_delay&quot;:300}\" data-widget_type=\"text-editor.default\">\n\t\t\t\t<div class=\"elementor-widget-container\">\n\t\t\t\t\t\t\t\t\t<p>Die Nutzung des Fachwissens verschafft Ihrem Unternehmen einen Wettbewerbsvorteil und erh\u00f6ht die Zufriedenheit und Produktivit\u00e4t Ihrer Mitarbeiter. Deshalb ist der Zugang zu Experten so wichtig. Wenn das Auffinden und die Nutzung von Fachwissen in Ihrem Unternehmen eine Herausforderung ist, dann haben wir etwas f\u00fcr Sie.<\/p>\t\t\t\t\t\t\t\t<\/div>\n\t\t\t\t<\/div>\n\t\t\t\t\t<\/div>\n\t\t<\/div>\n\t\t\t\t<div class=\"elementor-column elementor-col-50 elementor-top-column elementor-element elementor-element-2552b50 elementor-hidden-tablet elementor-hidden-phone\" data-id=\"2552b50\" data-element_type=\"column\" data-e-type=\"column\">\n\t\t\t<div class=\"elementor-widget-wrap\">\n\t\t\t\t\t\t\t<\/div>\n\t\t<\/div>\n\t\t\t\t\t<\/div>\n\t\t<\/section>\n\t\t\t\t<section class=\"elementor-section elementor-top-section elementor-element elementor-element-2f3ad99 elementor-reverse-mobile elementor-section-boxed elementor-section-height-default elementor-section-height-default\" data-id=\"2f3ad99\" data-element_type=\"section\" data-e-type=\"section\" data-settings=\"{&quot;background_background&quot;:&quot;classic&quot;}\">\n\t\t\t\t\t\t<div class=\"elementor-container elementor-column-gap-wider\">\n\t\t\t\t\t<div class=\"elementor-column elementor-col-33 elementor-top-column elementor-element elementor-element-3c53b53\" data-id=\"3c53b53\" data-element_type=\"column\" data-e-type=\"column\">\n\t\t\t<div class=\"elementor-widget-wrap elementor-element-populated\">\n\t\t\t\t\t\t<div class=\"elementor-element elementor-element-5158ee72 de_scroll_animation_no elementor-widget elementor-widget-heading\" data-id=\"5158ee72\" data-element_type=\"widget\" data-e-type=\"widget\" data-widget_type=\"heading.default\">\n\t\t\t\t<div class=\"elementor-widget-container\">\n\t\t\t\t\t<h2 class=\"elementor-heading-title elementor-size-default\">Wir versorgen Sie mit<\/h2>\t\t\t\t<\/div>\n\t\t\t\t<\/div>\n\t\t\t\t<div class=\"elementor-element elementor-element-2ab06e78 elementor-widget-divider--view-line de_scroll_animation_no elementor-widget elementor-widget-divider\" data-id=\"2ab06e78\" data-element_type=\"widget\" data-e-type=\"widget\" data-widget_type=\"divider.default\">\n\t\t\t\t<div class=\"elementor-widget-container\">\n\t\t\t\t\t\t\t<div class=\"elementor-divider\">\n\t\t\t<span class=\"elementor-divider-separator\">\n\t\t\t\t\t\t<\/span>\n\t\t<\/div>\n\t\t\t\t\t\t<\/div>\n\t\t\t\t<\/div>\n\t\t\t\t<div class=\"elementor-element elementor-element-4d0b5974 elementor-widget-tablet__width-initial de_scroll_animation_no elementor-invisible elementor-widget elementor-widget-heading\" data-id=\"4d0b5974\" data-element_type=\"widget\" data-e-type=\"widget\" data-settings=\"{&quot;_animation&quot;:&quot;fadeInUp&quot;,&quot;_animation_delay&quot;:300}\" data-widget_type=\"heading.default\">\n\t\t\t\t<div class=\"elementor-widget-container\">\n\t\t\t\t\t<h2 class=\"elementor-heading-title elementor-size-default\">Hochqualifizierte Ingenieure<\/h2>\t\t\t\t<\/div>\n\t\t\t\t<\/div>\n\t\t\t\t<div class=\"elementor-element elementor-element-4abadb5d de_scroll_animation_no elementor-invisible elementor-widget elementor-widget-toggle\" data-id=\"4abadb5d\" data-element_type=\"widget\" data-e-type=\"widget\" data-settings=\"{&quot;_animation&quot;:&quot;fadeInLeft&quot;,&quot;_animation_delay&quot;:300}\" data-widget_type=\"toggle.default\">\n\t\t\t\t<div class=\"elementor-widget-container\">\n\t\t\t\t\t\t\t<div class=\"elementor-toggle\">\n\t\t\t\t\t\t\t<div class=\"elementor-toggle-item\">\n\t\t\t\t\t<div id=\"elementor-tab-title-1251\" class=\"elementor-tab-title\" data-tab=\"1\" role=\"button\" aria-controls=\"elementor-tab-content-1251\" aria-expanded=\"false\">\n\t\t\t\t\t\t\t\t\t\t\t\t<span class=\"elementor-toggle-icon elementor-toggle-icon-right\" aria-hidden=\"true\">\n\t\t\t\t\t\t\t\t\t\t\t\t\t\t\t<span class=\"elementor-toggle-icon-closed\"><i class=\"icon dticon-add-outline\"><\/i><\/span>\n\t\t\t\t\t\t\t\t<span class=\"elementor-toggle-icon-opened\"><i class=\"elementor-toggle-icon-opened icon dticon-remove-outline\"><\/i><\/span>\n\t\t\t\t\t\t\t\t\t\t\t\t\t<\/span>\n\t\t\t\t\t\t\t\t\t\t\t\t<a class=\"elementor-toggle-title\" tabindex=\"0\">Erstklassige Erfahrung<\/a>\n\t\t\t\t\t<\/div>\n\n\t\t\t\t\t<div id=\"elementor-tab-content-1251\" class=\"elementor-tab-content elementor-clearfix\" data-tab=\"1\" role=\"region\" aria-labelledby=\"elementor-tab-title-1251\"><p>Erfahrung mit unternehmenskritischen 24\u00d77-Systemen.<\/p><\/div>\n\t\t\t\t<\/div>\n\t\t\t\t\t\t\t<div class=\"elementor-toggle-item\">\n\t\t\t\t\t<div id=\"elementor-tab-title-1252\" class=\"elementor-tab-title\" data-tab=\"2\" role=\"button\" aria-controls=\"elementor-tab-content-1252\" aria-expanded=\"false\">\n\t\t\t\t\t\t\t\t\t\t\t\t<span class=\"elementor-toggle-icon elementor-toggle-icon-right\" aria-hidden=\"true\">\n\t\t\t\t\t\t\t\t\t\t\t\t\t\t\t<span class=\"elementor-toggle-icon-closed\"><i class=\"icon dticon-add-outline\"><\/i><\/span>\n\t\t\t\t\t\t\t\t<span class=\"elementor-toggle-icon-opened\"><i class=\"elementor-toggle-icon-opened icon dticon-remove-outline\"><\/i><\/span>\n\t\t\t\t\t\t\t\t\t\t\t\t\t<\/span>\n\t\t\t\t\t\t\t\t\t\t\t\t<a class=\"elementor-toggle-title\" tabindex=\"0\">Gesch\u00e4ftlicher Mittelpunkt<\/a>\n\t\t\t\t\t<\/div>\n\n\t\t\t\t\t<div id=\"elementor-tab-content-1252\" class=\"elementor-tab-content elementor-clearfix\" data-tab=\"2\" role=\"region\" aria-labelledby=\"elementor-tab-title-1252\"><p>Helfen Sie Ihrem Unternehmen, schnell auf die dynamischen Ver\u00e4nderungen im Gesch\u00e4ftsumfeld zu reagieren und sowohl Gesch\u00e4fts- als auch IT-Ziele aufeinander abzustimmen, um effektiv mit Mitarbeitern, Kunden und Partnern zusammenzuarbeiten.<\/p><\/div>\n\t\t\t\t<\/div>\n\t\t\t\t\t\t\t<div class=\"elementor-toggle-item\">\n\t\t\t\t\t<div id=\"elementor-tab-title-1253\" class=\"elementor-tab-title\" data-tab=\"3\" role=\"button\" aria-controls=\"elementor-tab-content-1253\" aria-expanded=\"false\">\n\t\t\t\t\t\t\t\t\t\t\t\t<span class=\"elementor-toggle-icon elementor-toggle-icon-right\" aria-hidden=\"true\">\n\t\t\t\t\t\t\t\t\t\t\t\t\t\t\t<span class=\"elementor-toggle-icon-closed\"><i class=\"icon dticon-add-outline\"><\/i><\/span>\n\t\t\t\t\t\t\t\t<span class=\"elementor-toggle-icon-opened\"><i class=\"elementor-toggle-icon-opened icon dticon-remove-outline\"><\/i><\/span>\n\t\t\t\t\t\t\t\t\t\t\t\t\t<\/span>\n\t\t\t\t\t\t\t\t\t\t\t\t<a class=\"elementor-toggle-title\" tabindex=\"0\">Anwendungsentwicklung<\/a>\n\t\t\t\t\t<\/div>\n\n\t\t\t\t\t<div id=\"elementor-tab-content-1253\" class=\"elementor-tab-content elementor-clearfix\" data-tab=\"3\" role=\"region\" aria-labelledby=\"elementor-tab-title-1253\"><p>Wir arbeiten mit Ihnen zusammen, um innovative Anwendungen in Ihrer IT-Umgebung zu entwickeln, zu implementieren und zu integrieren. Dabei nutzen wir alternative Bereitstellungsmodelle, die Ihren Anforderungen entsprechen.<\/p><\/div>\n\t\t\t\t<\/div>\n\t\t\t\t\t\t\t<div class=\"elementor-toggle-item\">\n\t\t\t\t\t<div id=\"elementor-tab-title-1254\" class=\"elementor-tab-title\" data-tab=\"4\" role=\"button\" aria-controls=\"elementor-tab-content-1254\" aria-expanded=\"false\">\n\t\t\t\t\t\t\t\t\t\t\t\t<span class=\"elementor-toggle-icon elementor-toggle-icon-right\" aria-hidden=\"true\">\n\t\t\t\t\t\t\t\t\t\t\t\t\t\t\t<span class=\"elementor-toggle-icon-closed\"><i class=\"icon dticon-add-outline\"><\/i><\/span>\n\t\t\t\t\t\t\t\t<span class=\"elementor-toggle-icon-opened\"><i class=\"elementor-toggle-icon-opened icon dticon-remove-outline\"><\/i><\/span>\n\t\t\t\t\t\t\t\t\t\t\t\t\t<\/span>\n\t\t\t\t\t\t\t\t\t\t\t\t<a class=\"elementor-toggle-title\" tabindex=\"0\">Kundenzentrierte L\u00f6sungen<\/a>\n\t\t\t\t\t<\/div>\n\n\t\t\t\t\t<div id=\"elementor-tab-content-1254\" class=\"elementor-tab-content elementor-clearfix\" data-tab=\"4\" role=\"region\" aria-labelledby=\"elementor-tab-title-1254\"><p>Hilfe bei der Versorgung der Filiale mit der ben\u00f6tigten IT-Infrastruktur, die f\u00fcr Ihr Unternehmen am sinnvollsten ist, unabh\u00e4ngig davon, ob Sie sich daf\u00fcr entscheiden, Server und Anwendungen zu zentralisieren oder die Ressourcen in Ihren Filialen zu verteilen, oder sogar eine Mischung aus beiden M\u00f6glichkeiten zu nutzen.<\/p><\/div>\n\t\t\t\t<\/div>\n\t\t\t\t\t\t\t<div class=\"elementor-toggle-item\">\n\t\t\t\t\t<div id=\"elementor-tab-title-1255\" class=\"elementor-tab-title\" data-tab=\"5\" role=\"button\" aria-controls=\"elementor-tab-content-1255\" aria-expanded=\"false\">\n\t\t\t\t\t\t\t\t\t\t\t\t<span class=\"elementor-toggle-icon elementor-toggle-icon-right\" aria-hidden=\"true\">\n\t\t\t\t\t\t\t\t\t\t\t\t\t\t\t<span class=\"elementor-toggle-icon-closed\"><i class=\"icon dticon-add-outline\"><\/i><\/span>\n\t\t\t\t\t\t\t\t<span class=\"elementor-toggle-icon-opened\"><i class=\"elementor-toggle-icon-opened icon dticon-remove-outline\"><\/i><\/span>\n\t\t\t\t\t\t\t\t\t\t\t\t\t<\/span>\n\t\t\t\t\t\t\t\t\t\t\t\t<a class=\"elementor-toggle-title\" tabindex=\"0\">Flexibel und kosteneffizient<\/a>\n\t\t\t\t\t<\/div>\n\n\t\t\t\t\t<div id=\"elementor-tab-content-1255\" class=\"elementor-tab-content elementor-clearfix\" data-tab=\"5\" role=\"region\" aria-labelledby=\"elementor-tab-title-1255\"><p>Bieten Sie Support zu einem Bruchteil der Kosten und f\u00fcr einen Zeitraum Ihrer Wahl. Nutzen Sie unsere Techniker nach Bedarf oder lassen Sie sie Ihre eigenen Techniker schulen.<\/p><\/div>\n\t\t\t\t<\/div>\n\t\t\t\t\t\t\t<div class=\"elementor-toggle-item\">\n\t\t\t\t\t<div id=\"elementor-tab-title-1256\" class=\"elementor-tab-title\" data-tab=\"6\" role=\"button\" aria-controls=\"elementor-tab-content-1256\" aria-expanded=\"false\">\n\t\t\t\t\t\t\t\t\t\t\t\t<span class=\"elementor-toggle-icon elementor-toggle-icon-right\" aria-hidden=\"true\">\n\t\t\t\t\t\t\t\t\t\t\t\t\t\t\t<span class=\"elementor-toggle-icon-closed\"><i class=\"icon dticon-add-outline\"><\/i><\/span>\n\t\t\t\t\t\t\t\t<span class=\"elementor-toggle-icon-opened\"><i class=\"elementor-toggle-icon-opened icon dticon-remove-outline\"><\/i><\/span>\n\t\t\t\t\t\t\t\t\t\t\t\t\t<\/span>\n\t\t\t\t\t\t\t\t\t\t\t\t<a class=\"elementor-toggle-title\" tabindex=\"0\">Kollaborativer Ansatz<\/a>\n\t\t\t\t\t<\/div>\n\n\t\t\t\t\t<div id=\"elementor-tab-content-1256\" class=\"elementor-tab-content elementor-clearfix\" data-tab=\"6\" role=\"region\" aria-labelledby=\"elementor-tab-title-1256\"><p>Kommunikation mit Nutzern, anderen technischen Teams und dem Management, um Anforderungen zu erfassen, Aufgaben zu ermitteln, Sch\u00e4tzungen abzugeben und Produktionsfristen einzuhalten.<\/p><\/div>\n\t\t\t\t<\/div>\n\t\t\t\t\t\t\t\t<\/div>\n\t\t\t\t\t\t<\/div>\n\t\t\t\t<\/div>\n\t\t\t\t\t<\/div>\n\t\t<\/div>\n\t\t\t\t<div class=\"elementor-column elementor-col-33 elementor-top-column elementor-element elementor-element-1b0c9fd2\" data-id=\"1b0c9fd2\" data-element_type=\"column\" data-e-type=\"column\">\n\t\t\t<div class=\"elementor-widget-wrap\">\n\t\t\t\t\t\t\t<\/div>\n\t\t<\/div>\n\t\t\t\t<div class=\"elementor-column elementor-col-33 elementor-top-column elementor-element elementor-element-612491a4\" data-id=\"612491a4\" data-element_type=\"column\" data-e-type=\"column\">\n\t\t\t<div class=\"elementor-widget-wrap elementor-element-populated\">\n\t\t\t\t\t\t<div class=\"elementor-element elementor-element-5c3b22d de_scroll_animation_no elementor-invisible elementor-widget elementor-widget-image\" data-id=\"5c3b22d\" data-element_type=\"widget\" data-e-type=\"widget\" data-settings=\"{&quot;_animation&quot;:&quot;fadeInRight&quot;,&quot;_animation_delay&quot;:300}\" data-widget_type=\"image.default\">\n\t\t\t\t<div class=\"elementor-widget-container\">\n\t\t\t\t\t\t\t\t\t\t\t\t\t\t\t<img fetchpriority=\"high\" decoding=\"async\" width=\"800\" height=\"800\" src=\"https:\/\/www.zamred.com\/wp-content\/uploads\/2021\/02\/it-engineers.jpg\" class=\"attachment-large size-large wp-image-1278\" alt=\"\" srcset=\"https:\/\/www.zamred.com\/wp-content\/uploads\/2021\/02\/it-engineers.jpg 1000w, https:\/\/www.zamred.com\/wp-content\/uploads\/2021\/02\/it-engineers-300x300.jpg 300w, https:\/\/www.zamred.com\/wp-content\/uploads\/2021\/02\/it-engineers-150x150.jpg 150w, https:\/\/www.zamred.com\/wp-content\/uploads\/2021\/02\/it-engineers-768x768.jpg 768w\" sizes=\"(max-width: 800px) 100vw, 800px\" \/>\t\t\t\t\t\t\t\t\t\t\t\t\t\t\t<\/div>\n\t\t\t\t<\/div>\n\t\t\t\t\t<\/div>\n\t\t<\/div>\n\t\t\t\t\t<\/div>\n\t\t<\/section>\n\t\t\t\t<section class=\"elementor-section elementor-top-section elementor-element elementor-element-5f844e1c elementor-section-boxed elementor-section-height-default elementor-section-height-default\" data-id=\"5f844e1c\" data-element_type=\"section\" data-e-type=\"section\" data-settings=\"{&quot;background_background&quot;:&quot;classic&quot;}\">\n\t\t\t\t\t\t<div class=\"elementor-container elementor-column-gap-wider\">\n\t\t\t\t\t<div class=\"elementor-column elementor-col-33 elementor-top-column elementor-element elementor-element-7ae418f\" data-id=\"7ae418f\" data-element_type=\"column\" data-e-type=\"column\">\n\t\t\t<div class=\"elementor-widget-wrap\">\n\t\t\t\t\t\t\t<\/div>\n\t\t<\/div>\n\t\t\t\t<div class=\"elementor-column elementor-col-33 elementor-top-column elementor-element elementor-element-71101d87\" data-id=\"71101d87\" data-element_type=\"column\" data-e-type=\"column\">\n\t\t\t<div class=\"elementor-widget-wrap elementor-element-populated\">\n\t\t\t\t\t\t<div class=\"elementor-element elementor-element-491e4097 de_scroll_animation_no elementor-widget elementor-widget-heading\" data-id=\"491e4097\" data-element_type=\"widget\" data-e-type=\"widget\" data-widget_type=\"heading.default\">\n\t\t\t\t<div class=\"elementor-widget-container\">\n\t\t\t\t\t<h2 class=\"elementor-heading-title elementor-size-default\">Sie haben eine Herausforderung f\u00fcr uns?<\/h2>\t\t\t\t<\/div>\n\t\t\t\t<\/div>\n\t\t\t\t<div class=\"elementor-element elementor-element-a698da7 de_scroll_animation_no elementor-widget elementor-widget-text-editor\" data-id=\"a698da7\" data-element_type=\"widget\" data-e-type=\"widget\" data-widget_type=\"text-editor.default\">\n\t\t\t\t<div class=\"elementor-widget-container\">\n\t\t\t\t\t\t\t\t\t<p>Wir freuen uns darauf, Sie bei Ihrem Projekt zu unterst\u00fctzen und Ihnen erstklassige und hochprofessionelle Ingenieure zur Seite zu stellen.<\/p>\t\t\t\t\t\t\t\t<\/div>\n\t\t\t\t<\/div>\n\t\t\t\t<div class=\"elementor-element elementor-element-1ef75174 elementor-align-center de_scroll_animation_no elementor-widget elementor-widget-button\" data-id=\"1ef75174\" data-element_type=\"widget\" data-e-type=\"widget\" data-widget_type=\"button.default\">\n\t\t\t\t<div class=\"elementor-widget-container\">\n\t\t\t\t\t\t\t\t\t<div class=\"elementor-button-wrapper\">\n\t\t\t\t\t<a class=\"elementor-button elementor-button-link elementor-size-sm\" href=\"https:\/\/www.zamred.com\/de\/contact\/\">\n\t\t\t\t\t\t<span class=\"elementor-button-content-wrapper\">\n\t\t\t\t\t\t\t\t\t<span class=\"elementor-button-text\">Kontakt<\/span>\n\t\t\t\t\t<\/span>\n\t\t\t\t\t<\/a>\n\t\t\t\t<\/div>\n\t\t\t\t\t\t\t\t<\/div>\n\t\t\t\t<\/div>\n\t\t\t\t\t<\/div>\n\t\t<\/div>\n\t\t\t\t<div class=\"elementor-column elementor-col-33 elementor-top-column elementor-element elementor-element-6c4dac0e\" data-id=\"6c4dac0e\" data-element_type=\"column\" data-e-type=\"column\">\n\t\t\t<div class=\"elementor-widget-wrap\">\n\t\t\t\t\t\t\t<\/div>\n\t\t<\/div>\n\t\t\t\t\t<\/div>\n\t\t<\/section>\n\t\t\t\t<\/div>","protected":false},"excerpt":{"rendered":"<p>Access to Experts Leverage the expertise gives your organization a competitive advantage and increases your employee satisfaction and productivity. That\u2019s why access to experts is so important. If finding and using expertise is a challenge in your organization, then we got you covered. We provide you with Highly Professional Engineers Top Tier Experience Experience with [&hellip;]<\/p>\n","protected":false},"author":5,"featured_media":0,"parent":0,"menu_order":0,"comment_status":"closed","ping_status":"closed","template":"","meta":{"footnotes":""},"class_list":["post-71","page","type-page","status-publish","hentry"],"yoast_head":"<!-- This site is optimized with the Yoast SEO plugin v27.5 - https:\/\/yoast.com\/product\/yoast-seo-wordpress\/ -->\n<title>Access To Experts - Zamred GmbH<\/title>\n<meta name=\"robots\" content=\"index, follow, max-snippet:-1, max-image-preview:large, max-video-preview:-1\" \/>\n<link rel=\"canonical\" href=\"https:\/\/www.zamred.com\/de\/access-to-experts\/\" \/>\n<meta property=\"og:locale\" content=\"de_DE\" \/>\n<meta property=\"og:type\" content=\"article\" \/>\n<meta property=\"og:title\" content=\"Access To Experts - Zamred GmbH\" \/>\n<meta property=\"og:description\" content=\"Access to Experts Leverage the expertise gives your organization a competitive advantage and increases your employee satisfaction and productivity. That\u2019s why access to experts is so important. If finding and using expertise is a challenge in your organization, then we got you covered. We provide you with Highly Professional Engineers Top Tier Experience Experience with [&hellip;]\" \/>\n<meta property=\"og:url\" content=\"https:\/\/www.zamred.com\/de\/access-to-experts\/\" \/>\n<meta property=\"og:site_name\" content=\"Zamred GmbH\" \/>\n<meta property=\"article:modified_time\" content=\"2021-03-10T00:46:48+00:00\" \/>\n<meta property=\"og:image\" content=\"https:\/\/zamred.com\/wp-content\/uploads\/2021\/02\/it-engineers.jpg\" \/>\n<meta name=\"twitter:card\" content=\"summary_large_image\" \/>\n<meta name=\"twitter:label1\" content=\"Gesch\u00e4tzte Lesezeit\" \/>\n\t<meta name=\"twitter:data1\" content=\"1\u00a0Minute\" \/>\n<script type=\"application\/ld+json\" class=\"yoast-schema-graph\">{\"@context\":\"https:\\\/\\\/schema.org\",\"@graph\":[{\"@type\":\"WebPage\",\"@id\":\"https:\\\/\\\/www.zamred.com\\\/access-to-experts\\\/\",\"url\":\"https:\\\/\\\/www.zamred.com\\\/access-to-experts\\\/\",\"name\":\"Access To Experts - Zamred GmbH\",\"isPartOf\":{\"@id\":\"https:\\\/\\\/www.zamred.com\\\/#website\"},\"primaryImageOfPage\":{\"@id\":\"https:\\\/\\\/www.zamred.com\\\/access-to-experts\\\/#primaryimage\"},\"image\":{\"@id\":\"https:\\\/\\\/www.zamred.com\\\/access-to-experts\\\/#primaryimage\"},\"thumbnailUrl\":\"https:\\\/\\\/zamred.com\\\/wp-content\\\/uploads\\\/2021\\\/02\\\/it-engineers.jpg\",\"datePublished\":\"2021-02-17T23:36:23+00:00\",\"dateModified\":\"2021-03-10T00:46:48+00:00\",\"breadcrumb\":{\"@id\":\"https:\\\/\\\/www.zamred.com\\\/access-to-experts\\\/#breadcrumb\"},\"inLanguage\":\"de\",\"potentialAction\":[{\"@type\":\"ReadAction\",\"target\":[\"https:\\\/\\\/www.zamred.com\\\/access-to-experts\\\/\"]}]},{\"@type\":\"ImageObject\",\"inLanguage\":\"de\",\"@id\":\"https:\\\/\\\/www.zamred.com\\\/access-to-experts\\\/#primaryimage\",\"url\":\"https:\\\/\\\/zamred.com\\\/wp-content\\\/uploads\\\/2021\\\/02\\\/it-engineers.jpg\",\"contentUrl\":\"https:\\\/\\\/zamred.com\\\/wp-content\\\/uploads\\\/2021\\\/02\\\/it-engineers.jpg\"},{\"@type\":\"BreadcrumbList\",\"@id\":\"https:\\\/\\\/www.zamred.com\\\/access-to-experts\\\/#breadcrumb\",\"itemListElement\":[{\"@type\":\"ListItem\",\"position\":1,\"name\":\"Home\",\"item\":\"https:\\\/\\\/www.zamred.com\\\/\"},{\"@type\":\"ListItem\",\"position\":2,\"name\":\"Access To Experts\"}]},{\"@type\":\"WebSite\",\"@id\":\"https:\\\/\\\/www.zamred.com\\\/#website\",\"url\":\"https:\\\/\\\/www.zamred.com\\\/\",\"name\":\"Zamred\",\"description\":\"Redefining our digital the future!\",\"publisher\":{\"@id\":\"https:\\\/\\\/www.zamred.com\\\/#organization\"},\"potentialAction\":[{\"@type\":\"SearchAction\",\"target\":{\"@type\":\"EntryPoint\",\"urlTemplate\":\"https:\\\/\\\/www.zamred.com\\\/?s={search_term_string}\"},\"query-input\":{\"@type\":\"PropertyValueSpecification\",\"valueRequired\":true,\"valueName\":\"search_term_string\"}}],\"inLanguage\":\"de\"},{\"@type\":\"Organization\",\"@id\":\"https:\\\/\\\/www.zamred.com\\\/#organization\",\"name\":\"Zamred\",\"url\":\"https:\\\/\\\/www.zamred.com\\\/\",\"logo\":{\"@type\":\"ImageObject\",\"inLanguage\":\"de\",\"@id\":\"https:\\\/\\\/www.zamred.com\\\/#\\\/schema\\\/logo\\\/image\\\/\",\"url\":\"https:\\\/\\\/www.zamred.com\\\/wp-content\\\/uploads\\\/2021\\\/02\\\/light_logo.png\",\"contentUrl\":\"https:\\\/\\\/www.zamred.com\\\/wp-content\\\/uploads\\\/2021\\\/02\\\/light_logo.png\",\"width\":780,\"height\":150,\"caption\":\"Zamred\"},\"image\":{\"@id\":\"https:\\\/\\\/www.zamred.com\\\/#\\\/schema\\\/logo\\\/image\\\/\"}}]}<\/script>\n<!-- \/ Yoast SEO plugin. -->","yoast_head_json":{"title":"Access To Experts - Zamred GmbH","robots":{"index":"index","follow":"follow","max-snippet":"max-snippet:-1","max-image-preview":"max-image-preview:large","max-video-preview":"max-video-preview:-1"},"canonical":"https:\/\/www.zamred.com\/de\/access-to-experts\/","og_locale":"de_DE","og_type":"article","og_title":"Access To Experts - Zamred GmbH","og_description":"Access to Experts Leverage the expertise gives your organization a competitive advantage and increases your employee satisfaction and productivity. That\u2019s why access to experts is so important. If finding and using expertise is a challenge in your organization, then we got you covered. We provide you with Highly Professional Engineers Top Tier Experience Experience with [&hellip;]","og_url":"https:\/\/www.zamred.com\/de\/access-to-experts\/","og_site_name":"Zamred GmbH","article_modified_time":"2021-03-10T00:46:48+00:00","og_image":[{"url":"https:\/\/zamred.com\/wp-content\/uploads\/2021\/02\/it-engineers.jpg","type":"","width":"","height":""}],"twitter_card":"summary_large_image","twitter_misc":{"Gesch\u00e4tzte Lesezeit":"1\u00a0Minute"},"schema":{"@context":"https:\/\/schema.org","@graph":[{"@type":"WebPage","@id":"https:\/\/www.zamred.com\/access-to-experts\/","url":"https:\/\/www.zamred.com\/access-to-experts\/","name":"Access To Experts - Zamred GmbH","isPartOf":{"@id":"https:\/\/www.zamred.com\/#website"},"primaryImageOfPage":{"@id":"https:\/\/www.zamred.com\/access-to-experts\/#primaryimage"},"image":{"@id":"https:\/\/www.zamred.com\/access-to-experts\/#primaryimage"},"thumbnailUrl":"https:\/\/zamred.com\/wp-content\/uploads\/2021\/02\/it-engineers.jpg","datePublished":"2021-02-17T23:36:23+00:00","dateModified":"2021-03-10T00:46:48+00:00","breadcrumb":{"@id":"https:\/\/www.zamred.com\/access-to-experts\/#breadcrumb"},"inLanguage":"de","potentialAction":[{"@type":"ReadAction","target":["https:\/\/www.zamred.com\/access-to-experts\/"]}]},{"@type":"ImageObject","inLanguage":"de","@id":"https:\/\/www.zamred.com\/access-to-experts\/#primaryimage","url":"https:\/\/zamred.com\/wp-content\/uploads\/2021\/02\/it-engineers.jpg","contentUrl":"https:\/\/zamred.com\/wp-content\/uploads\/2021\/02\/it-engineers.jpg"},{"@type":"BreadcrumbList","@id":"https:\/\/www.zamred.com\/access-to-experts\/#breadcrumb","itemListElement":[{"@type":"ListItem","position":1,"name":"Home","item":"https:\/\/www.zamred.com\/"},{"@type":"ListItem","position":2,"name":"Access To Experts"}]},{"@type":"WebSite","@id":"https:\/\/www.zamred.com\/#website","url":"https:\/\/www.zamred.com\/","name":"Zamred","description":"Redefining our digital the future!","publisher":{"@id":"https:\/\/www.zamred.com\/#organization"},"potentialAction":[{"@type":"SearchAction","target":{"@type":"EntryPoint","urlTemplate":"https:\/\/www.zamred.com\/?s={search_term_string}"},"query-input":{"@type":"PropertyValueSpecification","valueRequired":true,"valueName":"search_term_string"}}],"inLanguage":"de"},{"@type":"Organization","@id":"https:\/\/www.zamred.com\/#organization","name":"Zamred","url":"https:\/\/www.zamred.com\/","logo":{"@type":"ImageObject","inLanguage":"de","@id":"https:\/\/www.zamred.com\/#\/schema\/logo\/image\/","url":"https:\/\/www.zamred.com\/wp-content\/uploads\/2021\/02\/light_logo.png","contentUrl":"https:\/\/www.zamred.com\/wp-content\/uploads\/2021\/02\/light_logo.png","width":780,"height":150,"caption":"Zamred"},"image":{"@id":"https:\/\/www.zamred.com\/#\/schema\/logo\/image\/"}}]}},"_links":{"self":[{"href":"https:\/\/www.zamred.com\/de\/wp-json\/wp\/v2\/pages\/71","targetHints":{"allow":["GET"]}}],"collection":[{"href":"https:\/\/www.zamred.com\/de\/wp-json\/wp\/v2\/pages"}],"about":[{"href":"https:\/\/www.zamred.com\/de\/wp-json\/wp\/v2\/types\/page"}],"author":[{"embeddable":true,"href":"https:\/\/www.zamred.com\/de\/wp-json\/wp\/v2\/users\/5"}],"replies":[{"embeddable":true,"href":"https:\/\/www.zamred.com\/de\/wp-json\/wp\/v2\/comments?post=71"}],"version-history":[{"count":149,"href":"https:\/\/www.zamred.com\/de\/wp-json\/wp\/v2\/pages\/71\/revisions"}],"predecessor-version":[{"id":2803,"href":"https:\/\/www.zamred.com\/de\/wp-json\/wp\/v2\/pages\/71\/revisions\/2803"}],"wp:attachment":[{"href":"https:\/\/www.zamred.com\/de\/wp-json\/wp\/v2\/media?parent=71"}],"curies":[{"name":"wp","href":"https:\/\/api.w.org\/{rel}","templated":true}]}}