{"id":69,"date":"2021-02-18T00:35:50","date_gmt":"2021-02-17T23:35:50","guid":{"rendered":"https:\/\/zamred.com\/?page_id=69"},"modified":"2021-03-09T12:56:49","modified_gmt":"2021-03-09T11:56:49","slug":"digital-transformation","status":"publish","type":"page","link":"https:\/\/www.zamred.com\/de\/digital-transformation\/","title":{"rendered":"Digitale Transformation"},"content":{"rendered":"<div data-elementor-type=\"wp-page\" data-elementor-id=\"69\" class=\"elementor elementor-69\" data-elementor-post-type=\"page\">\n\t\t\t\t\t\t<section class=\"elementor-section elementor-top-section elementor-element elementor-element-0cbc076 elementor-section-full_width elementor-section-height-min-height elementor-section-items-stretch elementor-section-height-default\" data-id=\"0cbc076\" data-element_type=\"section\" data-e-type=\"section\" data-settings=\"{&quot;background_background&quot;:&quot;video&quot;,&quot;background_video_link&quot;:&quot;https:\\\/\\\/zamred.com\\\/wp-content\\\/uploads\\\/2021\\\/02\\\/video.mp4&quot;,&quot;background_play_on_mobile&quot;:&quot;yes&quot;}\">\n\t\t\t\t\t\t\t\t<div class=\"elementor-background-video-container\">\n\t\t\t\t\t\t\t\t\t\t\t\t\t<video class=\"elementor-background-video-hosted\" role=\"presentation\" autoplay muted playsinline loop><\/video>\n\t\t\t\t\t\t\t\t\t\t\t<\/div>\n\t\t\t\t\t\t\t\t<div class=\"elementor-container elementor-column-gap-default\">\n\t\t\t\t\t<div class=\"elementor-column elementor-col-100 elementor-top-column elementor-element elementor-element-33f44df\" data-id=\"33f44df\" data-element_type=\"column\" data-e-type=\"column\">\n\t\t\t<div class=\"elementor-widget-wrap elementor-element-populated\">\n\t\t\t\t\t\t<section class=\"elementor-section elementor-inner-section elementor-element elementor-element-cb59178 elementor-section-boxed elementor-section-height-default elementor-section-height-default\" data-id=\"cb59178\" data-element_type=\"section\" data-e-type=\"section\">\n\t\t\t\t\t\t<div class=\"elementor-container elementor-column-gap-default\">\n\t\t\t\t\t<div class=\"elementor-column elementor-col-100 elementor-inner-column elementor-element elementor-element-7db4820\" data-id=\"7db4820\" data-element_type=\"column\" data-e-type=\"column\">\n\t\t\t<div class=\"elementor-widget-wrap elementor-element-populated\">\n\t\t\t\t\t\t<div class=\"elementor-element elementor-element-b62f416 de_scroll_animation_no elementor-widget elementor-widget-heading\" data-id=\"b62f416\" data-element_type=\"widget\" data-e-type=\"widget\" data-widget_type=\"heading.default\">\n\t\t\t\t<div class=\"elementor-widget-container\">\n\t\t\t\t\t<h3 class=\"elementor-heading-title elementor-size-default\">Ihr Partner f\u00fcr die digitale Transformation<\/h3>\t\t\t\t<\/div>\n\t\t\t\t<\/div>\n\t\t\t\t<div class=\"elementor-element elementor-element-338eaed de_scroll_animation_no elementor-widget elementor-widget-text-editor\" data-id=\"338eaed\" data-element_type=\"widget\" data-e-type=\"widget\" data-widget_type=\"text-editor.default\">\n\t\t\t\t<div class=\"elementor-widget-container\">\n\t\t\t\t\t\t\t\t\tWir begleiten Sie bei jedem Schritt - von der ersten Planung bis zur Lieferung und dar\u00fcber hinaus.\t\t\t\t\t\t\t\t<\/div>\n\t\t\t\t<\/div>\n\t\t\t\t\t<\/div>\n\t\t<\/div>\n\t\t\t\t\t<\/div>\n\t\t<\/section>\n\t\t\t\t\t<\/div>\n\t\t<\/div>\n\t\t\t\t\t<\/div>\n\t\t<\/section>\n\t\t\t\t<section class=\"elementor-section elementor-top-section elementor-element elementor-element-27b593f elementor-section-boxed elementor-section-height-default elementor-section-height-default\" data-id=\"27b593f\" data-element_type=\"section\" data-e-type=\"section\" data-settings=\"{&quot;background_background&quot;:&quot;classic&quot;}\">\n\t\t\t\t\t\t<div class=\"elementor-container elementor-column-gap-default\">\n\t\t\t\t\t<div class=\"elementor-column elementor-col-100 elementor-top-column elementor-element elementor-element-a248198\" data-id=\"a248198\" data-element_type=\"column\" data-e-type=\"column\">\n\t\t\t<div class=\"elementor-widget-wrap elementor-element-populated\">\n\t\t\t\t\t\t<section class=\"elementor-section elementor-inner-section elementor-element elementor-element-09de596 elementor-section-boxed elementor-section-height-default elementor-section-height-default\" data-id=\"09de596\" data-element_type=\"section\" data-e-type=\"section\">\n\t\t\t\t\t\t<div class=\"elementor-container elementor-column-gap-default\">\n\t\t\t\t\t<div class=\"elementor-column elementor-col-50 elementor-inner-column elementor-element elementor-element-4f9640c elementor-invisible\" data-id=\"4f9640c\" data-element_type=\"column\" data-e-type=\"column\" data-settings=\"{&quot;animation&quot;:&quot;fadeInRight&quot;,&quot;animation_delay&quot;:300}\">\n\t\t\t<div class=\"elementor-widget-wrap elementor-element-populated\">\n\t\t\t\t\t\t<div class=\"elementor-element elementor-element-065d040 de_scroll_animation_no elementor-widget elementor-widget-heading\" data-id=\"065d040\" data-element_type=\"widget\" data-e-type=\"widget\" data-widget_type=\"heading.default\">\n\t\t\t\t<div class=\"elementor-widget-container\">\n\t\t\t\t\t<h2 class=\"elementor-heading-title elementor-size-default\">Medizinische DT-L\u00f6sungen<\/h2>\t\t\t\t<\/div>\n\t\t\t\t<\/div>\n\t\t\t\t<div class=\"elementor-element elementor-element-53890b3 de_scroll_animation_no elementor-widget elementor-widget-text-editor\" data-id=\"53890b3\" data-element_type=\"widget\" data-e-type=\"widget\" data-widget_type=\"text-editor.default\">\n\t\t\t\t<div class=\"elementor-widget-container\">\n\t\t\t\t\t\t\t\t\tAls Unternehmen des Gesundheitswesens wissen Sie wahrscheinlich, dass es \u00fcberw\u00e4ltigend sein kann, mit der digitalen Transformation im Gesundheitswesen Schritt zu halten.\n\nDie Entscheidung, in welche neuen Technologien es sich lohnt zu investieren und Ihr Team f\u00fcr den Wandel zu gewinnen, ist oft der schwierigste Teil.\n\nSehen Sie, die Anpassung an das digitale Zeitalter erfordert eine flexible und risikofreudige Denkweise.\n\nEs bedeutet, veraltete Gesch\u00e4ftsprozesse loszulassen und darauf zu vertrauen, dass die Umw\u00e4lzungen zu gro\u00dfen Ergebnissen f\u00fchren werden. Bevor wir tiefer in dieses Thema eintauchen, eine kurze Zusammenfassung.\n\t\t\t\t\t\t\t\t<\/div>\n\t\t\t\t<\/div>\n\t\t\t\t<div class=\"elementor-element elementor-element-9300093 de_scroll_animation_no elementor-widget elementor-widget-text-editor\" data-id=\"9300093\" data-element_type=\"widget\" data-e-type=\"widget\" data-widget_type=\"text-editor.default\">\n\t\t\t\t<div class=\"elementor-widget-container\">\n\t\t\t\t\t\t\t\t\t<p>Digital transformation in healthcare is the positive impact of technology in healthcare. Here&#8217;s why: Telemedicine, artificial intelligence (AI)-enabled medical devices, and blockchain electronic health records are just a few concrete examples of digital transformation in healthcare which are completely reshaping how we interact with health professionals, how our data is shared among providers and how decisions are made about our treatment plans and health outcomes.<\/p>\t\t\t\t\t\t\t\t<\/div>\n\t\t\t\t<\/div>\n\t\t\t\t\t<\/div>\n\t\t<\/div>\n\t\t\t\t<div class=\"elementor-column elementor-col-50 elementor-inner-column elementor-element elementor-element-c6b747a elementor-invisible\" data-id=\"c6b747a\" data-element_type=\"column\" data-e-type=\"column\" data-settings=\"{&quot;animation&quot;:&quot;fadeInLeft&quot;,&quot;animation_delay&quot;:300}\">\n\t\t\t<div class=\"elementor-widget-wrap elementor-element-populated\">\n\t\t\t\t\t\t<div class=\"elementor-element elementor-element-9363927 de_scroll_animation_no elementor-widget elementor-widget-image\" data-id=\"9363927\" data-element_type=\"widget\" data-e-type=\"widget\" data-widget_type=\"image.default\">\n\t\t\t\t<div class=\"elementor-widget-container\">\n\t\t\t\t\t\t\t\t\t\t\t\t\t\t\t<img fetchpriority=\"high\" decoding=\"async\" width=\"800\" height=\"534\" src=\"https:\/\/www.zamred.com\/wp-content\/uploads\/2021\/03\/medical_dt.jpg\" class=\"attachment-large size-large wp-image-1697\" alt=\"\" srcset=\"https:\/\/www.zamred.com\/wp-content\/uploads\/2021\/03\/medical_dt.jpg 1000w, https:\/\/www.zamred.com\/wp-content\/uploads\/2021\/03\/medical_dt-300x200.jpg 300w, https:\/\/www.zamred.com\/wp-content\/uploads\/2021\/03\/medical_dt-768x512.jpg 768w\" sizes=\"(max-width: 800px) 100vw, 800px\" \/>\t\t\t\t\t\t\t\t\t\t\t\t\t\t\t<\/div>\n\t\t\t\t<\/div>\n\t\t\t\t\t<\/div>\n\t\t<\/div>\n\t\t\t\t\t<\/div>\n\t\t<\/section>\n\t\t\t\t\t<\/div>\n\t\t<\/div>\n\t\t\t\t\t<\/div>\n\t\t<\/section>\n\t\t\t\t<section class=\"elementor-section elementor-top-section elementor-element elementor-element-b313fc1 elementor-section-height-min-height elementor-section-items-stretch elementor-section-boxed elementor-section-height-default\" data-id=\"b313fc1\" data-element_type=\"section\" data-e-type=\"section\" data-settings=\"{&quot;background_background&quot;:&quot;classic&quot;}\">\n\t\t\t\t\t\t<div class=\"elementor-container elementor-column-gap-default\">\n\t\t\t\t\t<div class=\"elementor-column elementor-col-100 elementor-top-column elementor-element elementor-element-b4329f8\" data-id=\"b4329f8\" data-element_type=\"column\" data-e-type=\"column\">\n\t\t\t<div class=\"elementor-widget-wrap elementor-element-populated\">\n\t\t\t\t\t\t<div class=\"elementor-element elementor-element-dd74356 elementor-widget__width-initial elementor-widget-tablet__width-initial elementor-widget-mobile__width-inherit de_scroll_animation_no elementor-widget elementor-widget-text-editor\" data-id=\"dd74356\" data-element_type=\"widget\" data-e-type=\"widget\" data-widget_type=\"text-editor.default\">\n\t\t\t\t<div class=\"elementor-widget-container\">\n\t\t\t\t\t\t\t\t\tBeginnen Sie noch heute mit den digitalen Gesundheitssystemen von Zamred. <a href=\"\/de\/contact\/\">Kontaktieren Sie jetzt unsere Vertreter<\/a> um herauszufinden, wie wir Ihnen kosteneffiziente, schnelle und qualitativ hochwertige ausgelagerte Dienstleistungen anbieten k\u00f6nnen, wenn Sie sie brauchen.\t\t\t\t\t\t\t\t<\/div>\n\t\t\t\t<\/div>\n\t\t\t\t<div class=\"elementor-element elementor-element-6905be4 elementor-align-center de_scroll_animation_no elementor-widget elementor-widget-button\" data-id=\"6905be4\" data-element_type=\"widget\" data-e-type=\"widget\" data-widget_type=\"button.default\">\n\t\t\t\t<div class=\"elementor-widget-container\">\n\t\t\t\t\t\t\t\t\t<div class=\"elementor-button-wrapper\">\n\t\t\t\t\t<a class=\"elementor-button elementor-button-link elementor-size-sm\" href=\"https:\/\/www.zamred.com\/de\/inquiry\/\">\n\t\t\t\t\t\t<span class=\"elementor-button-content-wrapper\">\n\t\t\t\t\t\t<span class=\"elementor-button-icon\">\n\t\t\t\t<i aria-hidden=\"true\" class=\"fas fa-arrow-right\"><\/i>\t\t\t<\/span>\n\t\t\t\t\t\t\t\t\t<span class=\"elementor-button-text\">Kontakt<\/span>\n\t\t\t\t\t<\/span>\n\t\t\t\t\t<\/a>\n\t\t\t\t<\/div>\n\t\t\t\t\t\t\t\t<\/div>\n\t\t\t\t<\/div>\n\t\t\t\t\t<\/div>\n\t\t<\/div>\n\t\t\t\t\t<\/div>\n\t\t<\/section>\n\t\t\t\t<\/div>","protected":false},"excerpt":{"rendered":"<p>your Digital Transformation partner We will be with you every step of the way \u2013 from initial planning to delivery, and beyond. Medical DT Solutions As a healthcare business, you probably know that keeping up with digital transformation in healthcare can feel overwhelming. Deciding which emerging technologies are worth investing in and getting your team [&hellip;]<\/p>\n","protected":false},"author":5,"featured_media":0,"parent":0,"menu_order":0,"comment_status":"closed","ping_status":"closed","template":"","meta":{"footnotes":""},"class_list":["post-69","page","type-page","status-publish","hentry"],"yoast_head":"<!-- This site is optimized with the Yoast SEO plugin v27.4 - https:\/\/yoast.com\/product\/yoast-seo-wordpress\/ -->\n<title>Digital Transformation - Zamred GmbH<\/title>\n<meta name=\"robots\" content=\"index, follow, max-snippet:-1, max-image-preview:large, max-video-preview:-1\" \/>\n<link rel=\"canonical\" href=\"https:\/\/www.zamred.com\/de\/digital-transformation\/\" \/>\n<meta property=\"og:locale\" content=\"de_DE\" \/>\n<meta property=\"og:type\" content=\"article\" \/>\n<meta property=\"og:title\" content=\"Digital Transformation - Zamred GmbH\" \/>\n<meta property=\"og:description\" content=\"your Digital Transformation partner We will be with you every step of the way \u2013 from initial planning to delivery, and beyond. Medical DT Solutions As a healthcare business, you probably know that keeping up with digital transformation in healthcare can feel overwhelming. Deciding which emerging technologies are worth investing in and getting your team [&hellip;]\" \/>\n<meta property=\"og:url\" content=\"https:\/\/www.zamred.com\/de\/digital-transformation\/\" \/>\n<meta property=\"og:site_name\" content=\"Zamred GmbH\" \/>\n<meta property=\"article:modified_time\" content=\"2021-03-09T11:56:49+00:00\" \/>\n<meta property=\"og:image\" content=\"https:\/\/zamred.com\/wp-content\/uploads\/2021\/03\/medical_dt.jpg\" \/>\n<meta name=\"twitter:card\" content=\"summary_large_image\" \/>\n<meta name=\"twitter:label1\" content=\"Gesch\u00e4tzte Lesezeit\" \/>\n\t<meta name=\"twitter:data1\" content=\"1\u00a0Minute\" \/>\n<script type=\"application\/ld+json\" class=\"yoast-schema-graph\">{\"@context\":\"https:\\\/\\\/schema.org\",\"@graph\":[{\"@type\":\"WebPage\",\"@id\":\"https:\\\/\\\/www.zamred.com\\\/digital-transformation\\\/\",\"url\":\"https:\\\/\\\/www.zamred.com\\\/digital-transformation\\\/\",\"name\":\"Digital Transformation - Zamred GmbH\",\"isPartOf\":{\"@id\":\"https:\\\/\\\/www.zamred.com\\\/#website\"},\"primaryImageOfPage\":{\"@id\":\"https:\\\/\\\/www.zamred.com\\\/digital-transformation\\\/#primaryimage\"},\"image\":{\"@id\":\"https:\\\/\\\/www.zamred.com\\\/digital-transformation\\\/#primaryimage\"},\"thumbnailUrl\":\"https:\\\/\\\/zamred.com\\\/wp-content\\\/uploads\\\/2021\\\/03\\\/medical_dt.jpg\",\"datePublished\":\"2021-02-17T23:35:50+00:00\",\"dateModified\":\"2021-03-09T11:56:49+00:00\",\"breadcrumb\":{\"@id\":\"https:\\\/\\\/www.zamred.com\\\/digital-transformation\\\/#breadcrumb\"},\"inLanguage\":\"de\",\"potentialAction\":[{\"@type\":\"ReadAction\",\"target\":[\"https:\\\/\\\/www.zamred.com\\\/digital-transformation\\\/\"]}]},{\"@type\":\"ImageObject\",\"inLanguage\":\"de\",\"@id\":\"https:\\\/\\\/www.zamred.com\\\/digital-transformation\\\/#primaryimage\",\"url\":\"https:\\\/\\\/zamred.com\\\/wp-content\\\/uploads\\\/2021\\\/03\\\/medical_dt.jpg\",\"contentUrl\":\"https:\\\/\\\/zamred.com\\\/wp-content\\\/uploads\\\/2021\\\/03\\\/medical_dt.jpg\"},{\"@type\":\"BreadcrumbList\",\"@id\":\"https:\\\/\\\/www.zamred.com\\\/digital-transformation\\\/#breadcrumb\",\"itemListElement\":[{\"@type\":\"ListItem\",\"position\":1,\"name\":\"Home\",\"item\":\"https:\\\/\\\/www.zamred.com\\\/\"},{\"@type\":\"ListItem\",\"position\":2,\"name\":\"Digital Transformation\"}]},{\"@type\":\"WebSite\",\"@id\":\"https:\\\/\\\/www.zamred.com\\\/#website\",\"url\":\"https:\\\/\\\/www.zamred.com\\\/\",\"name\":\"Zamred\",\"description\":\"Redefining our digital the future!\",\"publisher\":{\"@id\":\"https:\\\/\\\/www.zamred.com\\\/#organization\"},\"potentialAction\":[{\"@type\":\"SearchAction\",\"target\":{\"@type\":\"EntryPoint\",\"urlTemplate\":\"https:\\\/\\\/www.zamred.com\\\/?s={search_term_string}\"},\"query-input\":{\"@type\":\"PropertyValueSpecification\",\"valueRequired\":true,\"valueName\":\"search_term_string\"}}],\"inLanguage\":\"de\"},{\"@type\":\"Organization\",\"@id\":\"https:\\\/\\\/www.zamred.com\\\/#organization\",\"name\":\"Zamred\",\"url\":\"https:\\\/\\\/www.zamred.com\\\/\",\"logo\":{\"@type\":\"ImageObject\",\"inLanguage\":\"de\",\"@id\":\"https:\\\/\\\/www.zamred.com\\\/#\\\/schema\\\/logo\\\/image\\\/\",\"url\":\"https:\\\/\\\/www.zamred.com\\\/wp-content\\\/uploads\\\/2021\\\/02\\\/light_logo.png\",\"contentUrl\":\"https:\\\/\\\/www.zamred.com\\\/wp-content\\\/uploads\\\/2021\\\/02\\\/light_logo.png\",\"width\":780,\"height\":150,\"caption\":\"Zamred\"},\"image\":{\"@id\":\"https:\\\/\\\/www.zamred.com\\\/#\\\/schema\\\/logo\\\/image\\\/\"}}]}<\/script>\n<!-- \/ Yoast SEO plugin. -->","yoast_head_json":{"title":"Digital Transformation - Zamred GmbH","robots":{"index":"index","follow":"follow","max-snippet":"max-snippet:-1","max-image-preview":"max-image-preview:large","max-video-preview":"max-video-preview:-1"},"canonical":"https:\/\/www.zamred.com\/de\/digital-transformation\/","og_locale":"de_DE","og_type":"article","og_title":"Digital Transformation - Zamred GmbH","og_description":"your Digital Transformation partner We will be with you every step of the way \u2013 from initial planning to delivery, and beyond. Medical DT Solutions As a healthcare business, you probably know that keeping up with digital transformation in healthcare can feel overwhelming. Deciding which emerging technologies are worth investing in and getting your team [&hellip;]","og_url":"https:\/\/www.zamred.com\/de\/digital-transformation\/","og_site_name":"Zamred GmbH","article_modified_time":"2021-03-09T11:56:49+00:00","og_image":[{"url":"https:\/\/zamred.com\/wp-content\/uploads\/2021\/03\/medical_dt.jpg","type":"","width":"","height":""}],"twitter_card":"summary_large_image","twitter_misc":{"Gesch\u00e4tzte Lesezeit":"1\u00a0Minute"},"schema":{"@context":"https:\/\/schema.org","@graph":[{"@type":"WebPage","@id":"https:\/\/www.zamred.com\/digital-transformation\/","url":"https:\/\/www.zamred.com\/digital-transformation\/","name":"Digital Transformation - Zamred GmbH","isPartOf":{"@id":"https:\/\/www.zamred.com\/#website"},"primaryImageOfPage":{"@id":"https:\/\/www.zamred.com\/digital-transformation\/#primaryimage"},"image":{"@id":"https:\/\/www.zamred.com\/digital-transformation\/#primaryimage"},"thumbnailUrl":"https:\/\/zamred.com\/wp-content\/uploads\/2021\/03\/medical_dt.jpg","datePublished":"2021-02-17T23:35:50+00:00","dateModified":"2021-03-09T11:56:49+00:00","breadcrumb":{"@id":"https:\/\/www.zamred.com\/digital-transformation\/#breadcrumb"},"inLanguage":"de","potentialAction":[{"@type":"ReadAction","target":["https:\/\/www.zamred.com\/digital-transformation\/"]}]},{"@type":"ImageObject","inLanguage":"de","@id":"https:\/\/www.zamred.com\/digital-transformation\/#primaryimage","url":"https:\/\/zamred.com\/wp-content\/uploads\/2021\/03\/medical_dt.jpg","contentUrl":"https:\/\/zamred.com\/wp-content\/uploads\/2021\/03\/medical_dt.jpg"},{"@type":"BreadcrumbList","@id":"https:\/\/www.zamred.com\/digital-transformation\/#breadcrumb","itemListElement":[{"@type":"ListItem","position":1,"name":"Home","item":"https:\/\/www.zamred.com\/"},{"@type":"ListItem","position":2,"name":"Digital Transformation"}]},{"@type":"WebSite","@id":"https:\/\/www.zamred.com\/#website","url":"https:\/\/www.zamred.com\/","name":"Zamred","description":"Redefining our digital the future!","publisher":{"@id":"https:\/\/www.zamred.com\/#organization"},"potentialAction":[{"@type":"SearchAction","target":{"@type":"EntryPoint","urlTemplate":"https:\/\/www.zamred.com\/?s={search_term_string}"},"query-input":{"@type":"PropertyValueSpecification","valueRequired":true,"valueName":"search_term_string"}}],"inLanguage":"de"},{"@type":"Organization","@id":"https:\/\/www.zamred.com\/#organization","name":"Zamred","url":"https:\/\/www.zamred.com\/","logo":{"@type":"ImageObject","inLanguage":"de","@id":"https:\/\/www.zamred.com\/#\/schema\/logo\/image\/","url":"https:\/\/www.zamred.com\/wp-content\/uploads\/2021\/02\/light_logo.png","contentUrl":"https:\/\/www.zamred.com\/wp-content\/uploads\/2021\/02\/light_logo.png","width":780,"height":150,"caption":"Zamred"},"image":{"@id":"https:\/\/www.zamred.com\/#\/schema\/logo\/image\/"}}]}},"_links":{"self":[{"href":"https:\/\/www.zamred.com\/de\/wp-json\/wp\/v2\/pages\/69","targetHints":{"allow":["GET"]}}],"collection":[{"href":"https:\/\/www.zamred.com\/de\/wp-json\/wp\/v2\/pages"}],"about":[{"href":"https:\/\/www.zamred.com\/de\/wp-json\/wp\/v2\/types\/page"}],"author":[{"embeddable":true,"href":"https:\/\/www.zamred.com\/de\/wp-json\/wp\/v2\/users\/5"}],"replies":[{"embeddable":true,"href":"https:\/\/www.zamred.com\/de\/wp-json\/wp\/v2\/comments?post=69"}],"version-history":[{"count":157,"href":"https:\/\/www.zamred.com\/de\/wp-json\/wp\/v2\/pages\/69\/revisions"}],"predecessor-version":[{"id":2484,"href":"https:\/\/www.zamred.com\/de\/wp-json\/wp\/v2\/pages\/69\/revisions\/2484"}],"wp:attachment":[{"href":"https:\/\/www.zamred.com\/de\/wp-json\/wp\/v2\/media?parent=69"}],"curies":[{"name":"wp","href":"https:\/\/api.w.org\/{rel}","templated":true}]}}