{"id":65,"date":"2021-02-18T00:35:04","date_gmt":"2021-02-17T23:35:04","guid":{"rendered":"https:\/\/zamred.com\/?page_id=65"},"modified":"2021-03-27T19:25:57","modified_gmt":"2021-03-27T18:25:57","slug":"career","status":"publish","type":"page","link":"https:\/\/www.zamred.com\/de\/career\/","title":{"rendered":"Karriere"},"content":{"rendered":"<div data-elementor-type=\"wp-page\" data-elementor-id=\"65\" class=\"elementor elementor-65\" data-elementor-post-type=\"page\">\n\t\t\t\t\t\t<section class=\"elementor-section elementor-top-section elementor-element elementor-element-5282f65a elementor-section-height-min-height elementor-section-boxed elementor-section-height-default elementor-section-items-middle\" data-id=\"5282f65a\" data-element_type=\"section\" data-e-type=\"section\" data-settings=\"{&quot;background_background&quot;:&quot;classic&quot;}\">\n\t\t\t\t\t\t<div class=\"elementor-container elementor-column-gap-wider\">\n\t\t\t\t\t<div class=\"elementor-column elementor-col-50 elementor-top-column elementor-element elementor-element-108d6be0\" data-id=\"108d6be0\" data-element_type=\"column\" data-e-type=\"column\">\n\t\t\t<div class=\"elementor-widget-wrap elementor-element-populated\">\n\t\t\t\t\t\t<div class=\"elementor-element elementor-element-191dfb51 de_scroll_animation_no elementor-invisible elementor-widget elementor-widget-heading\" data-id=\"191dfb51\" data-element_type=\"widget\" data-e-type=\"widget\" data-settings=\"{&quot;_animation&quot;:&quot;fadeInUp&quot;,&quot;_animation_delay&quot;:300}\" data-widget_type=\"heading.default\">\n\t\t\t\t<div class=\"elementor-widget-container\">\n\t\t\t\t\t<h1 class=\"elementor-heading-title elementor-size-default\">Werden Sie Mitglied unseres Teams<\/h1>\t\t\t\t<\/div>\n\t\t\t\t<\/div>\n\t\t\t\t<div class=\"elementor-element elementor-element-b25c5fb de_scroll_animation_no elementor-invisible elementor-widget elementor-widget-text-editor\" data-id=\"b25c5fb\" data-element_type=\"widget\" data-e-type=\"widget\" data-settings=\"{&quot;_animation&quot;:&quot;fadeInDown&quot;,&quot;_animation_delay&quot;:300}\" data-widget_type=\"text-editor.default\">\n\t\t\t\t<div class=\"elementor-widget-container\">\n\t\t\t\t\t\t\t\t\tWir sind eine Gruppe ehrgeiziger Probleml\u00f6ser, st\u00e4ndiger Verbesserer und neugieriger Konstrukteure, die hier drau\u00dfen ihre Arbeit tun, die wir lieben.\t\t\t\t\t\t\t\t<\/div>\n\t\t\t\t<\/div>\n\t\t\t\t\t<\/div>\n\t\t<\/div>\n\t\t\t\t<div class=\"elementor-column elementor-col-50 elementor-top-column elementor-element elementor-element-b566470 elementor-hidden-tablet elementor-hidden-phone\" data-id=\"b566470\" data-element_type=\"column\" data-e-type=\"column\">\n\t\t\t<div class=\"elementor-widget-wrap\">\n\t\t\t\t\t\t\t<\/div>\n\t\t<\/div>\n\t\t\t\t\t<\/div>\n\t\t<\/section>\n\t\t\t\t<section class=\"elementor-section elementor-top-section elementor-element elementor-element-54bec375 elementor-section-full_width elementor-section-height-default elementor-section-height-default\" data-id=\"54bec375\" data-element_type=\"section\" data-e-type=\"section\" data-settings=\"{&quot;background_background&quot;:&quot;classic&quot;,&quot;shape_divider_bottom&quot;:&quot;curve&quot;,&quot;shape_divider_bottom_negative&quot;:&quot;yes&quot;}\">\n\t\t\t\t\t<div class=\"elementor-shape elementor-shape-bottom\" aria-hidden=\"true\" data-negative=\"true\">\n\t\t\t<svg xmlns=\"http:\/\/www.w3.org\/2000\/svg\" viewbox=\"0 0 1000 100\" preserveaspectratio=\"none\">\n\t<path class=\"elementor-shape-fill\" d=\"M500,97C126.7,96.3,0.8,19.8,0,0v100l1000,0V1C1000,19.4,873.3,97.8,500,97z\"\/>\n<\/svg>\t\t<\/div>\n\t\t\t\t\t<div class=\"elementor-container elementor-column-gap-no\">\n\t\t\t\t\t<div class=\"elementor-column elementor-col-100 elementor-top-column elementor-element elementor-element-4e45686b\" data-id=\"4e45686b\" data-element_type=\"column\" data-e-type=\"column\">\n\t\t\t<div class=\"elementor-widget-wrap elementor-element-populated\">\n\t\t\t\t\t\t<section class=\"elementor-section elementor-inner-section elementor-element elementor-element-3692b3bd elementor-section-boxed elementor-section-height-default elementor-section-height-default\" data-id=\"3692b3bd\" data-element_type=\"section\" data-e-type=\"section\">\n\t\t\t\t\t\t<div class=\"elementor-container elementor-column-gap-wider\">\n\t\t\t\t\t<div class=\"elementor-column elementor-col-50 elementor-inner-column elementor-element elementor-element-44ddff97\" data-id=\"44ddff97\" data-element_type=\"column\" data-e-type=\"column\">\n\t\t\t<div class=\"elementor-widget-wrap elementor-element-populated\">\n\t\t\t\t\t\t<div class=\"elementor-element elementor-element-3cf1563d de_scroll_animation_no elementor-widget elementor-widget-heading\" data-id=\"3cf1563d\" data-element_type=\"widget\" data-e-type=\"widget\" data-widget_type=\"heading.default\">\n\t\t\t\t<div class=\"elementor-widget-container\">\n\t\t\t\t\t<h2 class=\"elementor-heading-title elementor-size-default\">Beitreten!<\/h2>\t\t\t\t<\/div>\n\t\t\t\t<\/div>\n\t\t\t\t<div class=\"elementor-element elementor-element-7fa86a08 elementor-widget-divider--view-line de_scroll_animation_no elementor-widget elementor-widget-divider\" data-id=\"7fa86a08\" data-element_type=\"widget\" data-e-type=\"widget\" data-widget_type=\"divider.default\">\n\t\t\t\t<div class=\"elementor-widget-container\">\n\t\t\t\t\t\t\t<div class=\"elementor-divider\">\n\t\t\t<span class=\"elementor-divider-separator\">\n\t\t\t\t\t\t<\/span>\n\t\t<\/div>\n\t\t\t\t\t\t<\/div>\n\t\t\t\t<\/div>\n\t\t\t\t<div class=\"elementor-element elementor-element-374b7f9a de_scroll_animation_no elementor-widget elementor-widget-heading\" data-id=\"374b7f9a\" data-element_type=\"widget\" data-e-type=\"widget\" data-widget_type=\"heading.default\">\n\t\t\t\t<div class=\"elementor-widget-container\">\n\t\t\t\t\t<h2 class=\"elementor-heading-title elementor-size-default\">Entdecken Sie Ihren n\u00e4chsten Karriereschritt<\/h2>\t\t\t\t<\/div>\n\t\t\t\t<\/div>\n\t\t\t\t<div class=\"elementor-element elementor-element-82d40ca de_scroll_animation_no elementor-widget elementor-widget-text-editor\" data-id=\"82d40ca\" data-element_type=\"widget\" data-e-type=\"widget\" data-widget_type=\"text-editor.default\">\n\t\t\t\t<div class=\"elementor-widget-container\">\n\t\t\t\t\t\t\t\t\tGemeinsam bieten wir engagierten Mitarbeitern fantastische M\u00f6glichkeiten, sich weiterzubilden und ihre Karriere bei uns zu entwickeln. Unter <b>Zamred GmbH.<\/b>Wir erforschen, entwickeln und liefern Technologien und Dienstleistungen, die das Leben von Millionen von Menschen jeden Tag verbessern und f\u00fcr mehr Sicherheit sorgen. Ihre Gesundheit und Ihr Wohlbefinden sind uns wichtig. Deshalb bieten wir Ihnen die Flexibilit\u00e4t, das zu tun, was Ihnen wichtig ist, sei es in Form von Teilzeitarbeit, Jobsharing, Heimarbeit oder der M\u00f6glichkeit, Ihre Arbeitszeiten flexibel zu gestalten. Wo immer m\u00f6glich, unterst\u00fctzen wir ein Arbeitsmuster, das zu Ihrem Lebensstil passt und Ihnen hilft, Ihre Ziele zu erreichen.\t\t\t\t\t\t\t\t<\/div>\n\t\t\t\t<\/div>\n\t\t\t\t\t<\/div>\n\t\t<\/div>\n\t\t\t\t<div class=\"elementor-column elementor-col-50 elementor-inner-column elementor-element elementor-element-53f1710b\" data-id=\"53f1710b\" data-element_type=\"column\" data-e-type=\"column\">\n\t\t\t<div class=\"elementor-widget-wrap elementor-element-populated\">\n\t\t\t\t\t\t<div class=\"elementor-element elementor-element-1ea608d de_scroll_animation_no elementor-widget elementor-widget-image\" data-id=\"1ea608d\" data-element_type=\"widget\" data-e-type=\"widget\" data-widget_type=\"image.default\">\n\t\t\t\t<div class=\"elementor-widget-container\">\n\t\t\t\t\t\t\t\t\t\t\t\t\t\t\t<img fetchpriority=\"high\" decoding=\"async\" width=\"800\" height=\"521\" src=\"https:\/\/www.zamred.com\/wp-content\/uploads\/2021\/02\/job_interview.jpg\" class=\"attachment-large size-large wp-image-373\" alt=\"\" srcset=\"https:\/\/www.zamred.com\/wp-content\/uploads\/2021\/02\/job_interview.jpg 1000w, https:\/\/www.zamred.com\/wp-content\/uploads\/2021\/02\/job_interview-300x195.jpg 300w, https:\/\/www.zamred.com\/wp-content\/uploads\/2021\/02\/job_interview-768x500.jpg 768w\" sizes=\"(max-width: 800px) 100vw, 800px\" \/>\t\t\t\t\t\t\t\t\t\t\t\t\t\t\t<\/div>\n\t\t\t\t<\/div>\n\t\t\t\t\t<\/div>\n\t\t<\/div>\n\t\t\t\t\t<\/div>\n\t\t<\/section>\n\t\t\t\t\t<\/div>\n\t\t<\/div>\n\t\t\t\t\t<\/div>\n\t\t<\/section>\n\t\t\t\t<section class=\"elementor-section elementor-top-section elementor-element elementor-element-625cfc85 elementor-section-boxed elementor-section-height-default elementor-section-height-default\" data-id=\"625cfc85\" data-element_type=\"section\" data-e-type=\"section\">\n\t\t\t\t\t\t<div class=\"elementor-container elementor-column-gap-default\">\n\t\t\t\t\t<div class=\"elementor-column elementor-col-100 elementor-top-column elementor-element elementor-element-3e34a36c\" data-id=\"3e34a36c\" data-element_type=\"column\" data-e-type=\"column\">\n\t\t\t<div class=\"elementor-widget-wrap elementor-element-populated\">\n\t\t\t\t\t\t<div class=\"elementor-element elementor-element-4ca3f44 de_scroll_animation_no elementor-widget elementor-widget-jet-headline\" data-id=\"4ca3f44\" data-element_type=\"widget\" data-e-type=\"widget\" data-widget_type=\"jet-headline.default\">\n\t\t\t\t<div class=\"elementor-widget-container\">\n\t\t\t\t\t<h2 class=\"jet-headline jet-headline--direction-horizontal\"><span class=\"jet-headline__part jet-headline__first\"><span class=\"jet-headline__label\">Join<\/span><\/span><span class=\"jet-headline__space\">&nbsp;<\/span><span class=\"jet-headline__part jet-headline__second\"><span class=\"jet-headline__label\">Us<\/span><\/span><\/h2>\t\t\t\t<\/div>\n\t\t\t\t<\/div>\n\t\t\t\t<div class=\"elementor-element elementor-element-4717ad0 de_scroll_animation_no elementor-widget elementor-widget-heading\" data-id=\"4717ad0\" data-element_type=\"widget\" data-e-type=\"widget\" data-widget_type=\"heading.default\">\n\t\t\t\t<div class=\"elementor-widget-container\">\n\t\t\t\t\t<h3 class=\"elementor-heading-title elementor-size-default\">Karriere<\/h3>\t\t\t\t<\/div>\n\t\t\t\t<\/div>\n\t\t\t\t<div class=\"elementor-element elementor-element-53754af elementor-widget-divider--view-line de_scroll_animation_no elementor-widget elementor-widget-divider\" data-id=\"53754af\" data-element_type=\"widget\" data-e-type=\"widget\" data-widget_type=\"divider.default\">\n\t\t\t\t<div class=\"elementor-widget-container\">\n\t\t\t\t\t\t\t<div class=\"elementor-divider\">\n\t\t\t<span class=\"elementor-divider-separator\">\n\t\t\t\t\t\t<\/span>\n\t\t<\/div>\n\t\t\t\t\t\t<\/div>\n\t\t\t\t<\/div>\n\t\t\t\t<div class=\"elementor-element elementor-element-54f3471 de_scroll_animation_no elementor-widget elementor-widget-text-editor\" data-id=\"54f3471\" data-element_type=\"widget\" data-e-type=\"widget\" data-widget_type=\"text-editor.default\">\n\t\t\t\t<div class=\"elementor-widget-container\">\n\t\t\t\t\t\t\t\t\t\t<div class=\"awsm-job-wrap\">\n\n\t\t<div class=\"awsm-filter-wrap\"><form action=\"https:\/\/www.zamred.com\/wp-admin\/admin-ajax.php\" method=\"POST\"><div class=\"awsm-filter-item-search\"><div class=\"awsm-filter-item-search-in\"><label for=\"awsm-jq-1\" class=\"awsm-sr-only\">Search<\/label><input type=\"text\" id=\"awsm-jq-1\" name=\"jq\" value=\"\" placeholder=\"Search\" class=\"awsm-job-search awsm-job-form-control\"><span class=\"awsm-job-search-btn awsm-job-search-icon-wrapper\"><i class=\"awsm-job-icon-search\"><\/i><\/span><span class=\"awsm-job-search-close-btn awsm-job-search-icon-wrapper awsm-job-hide\"><i class=\"awsm-job-icon-close-circle\"><\/i><\/span><\/div><\/div><input type=\"hidden\" name=\"action\" value=\"jobfilter\"><\/form><\/div>\n\t\t<div class=\"awsm-job-listings awsm-lists\" data-listings=\"10\">\n\t\t\t\t\t<div class=\"awsm-jobs-none-container\">\n\t\t\t\t<p>We currently have no job openings<\/p>\n\t\t\t<\/div>\n\t\t\t<\/div>\n\t<\/div>\n\t\t\t\t\t\t\t\t<\/div>\n\t\t\t\t<\/div>\n\t\t\t\t\t<\/div>\n\t\t<\/div>\n\t\t\t\t\t<\/div>\n\t\t<\/section>\n\t\t\t\t<\/div>","protected":false},"excerpt":{"rendered":"<p>Join our team We are a collection of ambitious problem-solvers, continuous improvers, and curious builders out here doing the work we love. Join us Discover your next career move Together we offer fantastic opportunities for committed employees to learn and develop their career with us. At Zamred Germany, we research, develop, and supply technology and [&hellip;]<\/p>\n","protected":false},"author":5,"featured_media":0,"parent":0,"menu_order":0,"comment_status":"closed","ping_status":"closed","template":"elementor_header_footer","meta":{"footnotes":""},"class_list":["post-65","page","type-page","status-publish","hentry"],"yoast_head":"<!-- This site is optimized with the Yoast SEO plugin v27.6 - https:\/\/yoast.com\/product\/yoast-seo-wordpress\/ -->\n<title>Career - Zamred GmbH<\/title>\n<meta name=\"robots\" content=\"index, follow, max-snippet:-1, max-image-preview:large, max-video-preview:-1\" \/>\n<link rel=\"canonical\" href=\"https:\/\/www.zamred.com\/de\/career\/\" \/>\n<meta property=\"og:locale\" content=\"de_DE\" \/>\n<meta property=\"og:type\" content=\"article\" \/>\n<meta property=\"og:title\" content=\"Career - Zamred GmbH\" \/>\n<meta property=\"og:description\" content=\"Join our team We are a collection of ambitious problem-solvers, continuous improvers, and curious builders out here doing the work we love. Join us Discover your next career move Together we offer fantastic opportunities for committed employees to learn and develop their career with us. At Zamred Germany, we research, develop, and supply technology and [&hellip;]\" \/>\n<meta property=\"og:url\" content=\"https:\/\/www.zamred.com\/de\/career\/\" \/>\n<meta property=\"og:site_name\" content=\"Zamred GmbH\" \/>\n<meta property=\"article:modified_time\" content=\"2021-03-27T18:25:57+00:00\" \/>\n<meta property=\"og:image\" content=\"https:\/\/www.zamred.com\/wp-content\/uploads\/2021\/02\/job_interview.jpg\" \/>\n<meta name=\"twitter:card\" content=\"summary_large_image\" \/>\n<meta name=\"twitter:label1\" content=\"Gesch\u00e4tzte Lesezeit\" \/>\n\t<meta name=\"twitter:data1\" content=\"1\u00a0Minute\" \/>\n<script type=\"application\/ld+json\" class=\"yoast-schema-graph\">{\"@context\":\"https:\\\/\\\/schema.org\",\"@graph\":[{\"@type\":\"WebPage\",\"@id\":\"https:\\\/\\\/www.zamred.com\\\/career\\\/\",\"url\":\"https:\\\/\\\/www.zamred.com\\\/career\\\/\",\"name\":\"Career - Zamred GmbH\",\"isPartOf\":{\"@id\":\"https:\\\/\\\/www.zamred.com\\\/#website\"},\"primaryImageOfPage\":{\"@id\":\"https:\\\/\\\/www.zamred.com\\\/career\\\/#primaryimage\"},\"image\":{\"@id\":\"https:\\\/\\\/www.zamred.com\\\/career\\\/#primaryimage\"},\"thumbnailUrl\":\"https:\\\/\\\/www.zamred.com\\\/wp-content\\\/uploads\\\/2021\\\/02\\\/job_interview.jpg\",\"datePublished\":\"2021-02-17T23:35:04+00:00\",\"dateModified\":\"2021-03-27T18:25:57+00:00\",\"breadcrumb\":{\"@id\":\"https:\\\/\\\/www.zamred.com\\\/career\\\/#breadcrumb\"},\"inLanguage\":\"de\",\"potentialAction\":[{\"@type\":\"ReadAction\",\"target\":[\"https:\\\/\\\/www.zamred.com\\\/career\\\/\"]}]},{\"@type\":\"ImageObject\",\"inLanguage\":\"de\",\"@id\":\"https:\\\/\\\/www.zamred.com\\\/career\\\/#primaryimage\",\"url\":\"https:\\\/\\\/www.zamred.com\\\/wp-content\\\/uploads\\\/2021\\\/02\\\/job_interview.jpg\",\"contentUrl\":\"https:\\\/\\\/www.zamred.com\\\/wp-content\\\/uploads\\\/2021\\\/02\\\/job_interview.jpg\"},{\"@type\":\"BreadcrumbList\",\"@id\":\"https:\\\/\\\/www.zamred.com\\\/career\\\/#breadcrumb\",\"itemListElement\":[{\"@type\":\"ListItem\",\"position\":1,\"name\":\"Home\",\"item\":\"https:\\\/\\\/www.zamred.com\\\/\"},{\"@type\":\"ListItem\",\"position\":2,\"name\":\"Career\"}]},{\"@type\":\"WebSite\",\"@id\":\"https:\\\/\\\/www.zamred.com\\\/#website\",\"url\":\"https:\\\/\\\/www.zamred.com\\\/\",\"name\":\"Zamred\",\"description\":\"Redefining our digital the future!\",\"publisher\":{\"@id\":\"https:\\\/\\\/www.zamred.com\\\/#organization\"},\"potentialAction\":[{\"@type\":\"SearchAction\",\"target\":{\"@type\":\"EntryPoint\",\"urlTemplate\":\"https:\\\/\\\/www.zamred.com\\\/?s={search_term_string}\"},\"query-input\":{\"@type\":\"PropertyValueSpecification\",\"valueRequired\":true,\"valueName\":\"search_term_string\"}}],\"inLanguage\":\"de\"},{\"@type\":\"Organization\",\"@id\":\"https:\\\/\\\/www.zamred.com\\\/#organization\",\"name\":\"Zamred\",\"url\":\"https:\\\/\\\/www.zamred.com\\\/\",\"logo\":{\"@type\":\"ImageObject\",\"inLanguage\":\"de\",\"@id\":\"https:\\\/\\\/www.zamred.com\\\/#\\\/schema\\\/logo\\\/image\\\/\",\"url\":\"https:\\\/\\\/www.zamred.com\\\/wp-content\\\/uploads\\\/2021\\\/02\\\/light_logo.png\",\"contentUrl\":\"https:\\\/\\\/www.zamred.com\\\/wp-content\\\/uploads\\\/2021\\\/02\\\/light_logo.png\",\"width\":780,\"height\":150,\"caption\":\"Zamred\"},\"image\":{\"@id\":\"https:\\\/\\\/www.zamred.com\\\/#\\\/schema\\\/logo\\\/image\\\/\"}}]}<\/script>\n<!-- \/ Yoast SEO plugin. -->","yoast_head_json":{"title":"Career - Zamred GmbH","robots":{"index":"index","follow":"follow","max-snippet":"max-snippet:-1","max-image-preview":"max-image-preview:large","max-video-preview":"max-video-preview:-1"},"canonical":"https:\/\/www.zamred.com\/de\/career\/","og_locale":"de_DE","og_type":"article","og_title":"Career - Zamred GmbH","og_description":"Join our team We are a collection of ambitious problem-solvers, continuous improvers, and curious builders out here doing the work we love. Join us Discover your next career move Together we offer fantastic opportunities for committed employees to learn and develop their career with us. At Zamred Germany, we research, develop, and supply technology and [&hellip;]","og_url":"https:\/\/www.zamred.com\/de\/career\/","og_site_name":"Zamred GmbH","article_modified_time":"2021-03-27T18:25:57+00:00","og_image":[{"url":"https:\/\/www.zamred.com\/wp-content\/uploads\/2021\/02\/job_interview.jpg","type":"","width":"","height":""}],"twitter_card":"summary_large_image","twitter_misc":{"Gesch\u00e4tzte Lesezeit":"1\u00a0Minute"},"schema":{"@context":"https:\/\/schema.org","@graph":[{"@type":"WebPage","@id":"https:\/\/www.zamred.com\/career\/","url":"https:\/\/www.zamred.com\/career\/","name":"Career - Zamred GmbH","isPartOf":{"@id":"https:\/\/www.zamred.com\/#website"},"primaryImageOfPage":{"@id":"https:\/\/www.zamred.com\/career\/#primaryimage"},"image":{"@id":"https:\/\/www.zamred.com\/career\/#primaryimage"},"thumbnailUrl":"https:\/\/www.zamred.com\/wp-content\/uploads\/2021\/02\/job_interview.jpg","datePublished":"2021-02-17T23:35:04+00:00","dateModified":"2021-03-27T18:25:57+00:00","breadcrumb":{"@id":"https:\/\/www.zamred.com\/career\/#breadcrumb"},"inLanguage":"de","potentialAction":[{"@type":"ReadAction","target":["https:\/\/www.zamred.com\/career\/"]}]},{"@type":"ImageObject","inLanguage":"de","@id":"https:\/\/www.zamred.com\/career\/#primaryimage","url":"https:\/\/www.zamred.com\/wp-content\/uploads\/2021\/02\/job_interview.jpg","contentUrl":"https:\/\/www.zamred.com\/wp-content\/uploads\/2021\/02\/job_interview.jpg"},{"@type":"BreadcrumbList","@id":"https:\/\/www.zamred.com\/career\/#breadcrumb","itemListElement":[{"@type":"ListItem","position":1,"name":"Home","item":"https:\/\/www.zamred.com\/"},{"@type":"ListItem","position":2,"name":"Career"}]},{"@type":"WebSite","@id":"https:\/\/www.zamred.com\/#website","url":"https:\/\/www.zamred.com\/","name":"Zamred","description":"Redefining our digital the future!","publisher":{"@id":"https:\/\/www.zamred.com\/#organization"},"potentialAction":[{"@type":"SearchAction","target":{"@type":"EntryPoint","urlTemplate":"https:\/\/www.zamred.com\/?s={search_term_string}"},"query-input":{"@type":"PropertyValueSpecification","valueRequired":true,"valueName":"search_term_string"}}],"inLanguage":"de"},{"@type":"Organization","@id":"https:\/\/www.zamred.com\/#organization","name":"Zamred","url":"https:\/\/www.zamred.com\/","logo":{"@type":"ImageObject","inLanguage":"de","@id":"https:\/\/www.zamred.com\/#\/schema\/logo\/image\/","url":"https:\/\/www.zamred.com\/wp-content\/uploads\/2021\/02\/light_logo.png","contentUrl":"https:\/\/www.zamred.com\/wp-content\/uploads\/2021\/02\/light_logo.png","width":780,"height":150,"caption":"Zamred"},"image":{"@id":"https:\/\/www.zamred.com\/#\/schema\/logo\/image\/"}}]}},"_links":{"self":[{"href":"https:\/\/www.zamred.com\/de\/wp-json\/wp\/v2\/pages\/65","targetHints":{"allow":["GET"]}}],"collection":[{"href":"https:\/\/www.zamred.com\/de\/wp-json\/wp\/v2\/pages"}],"about":[{"href":"https:\/\/www.zamred.com\/de\/wp-json\/wp\/v2\/types\/page"}],"author":[{"embeddable":true,"href":"https:\/\/www.zamred.com\/de\/wp-json\/wp\/v2\/users\/5"}],"replies":[{"embeddable":true,"href":"https:\/\/www.zamred.com\/de\/wp-json\/wp\/v2\/comments?post=65"}],"version-history":[{"count":188,"href":"https:\/\/www.zamred.com\/de\/wp-json\/wp\/v2\/pages\/65\/revisions"}],"predecessor-version":[{"id":2855,"href":"https:\/\/www.zamred.com\/de\/wp-json\/wp\/v2\/pages\/65\/revisions\/2855"}],"wp:attachment":[{"href":"https:\/\/www.zamred.com\/de\/wp-json\/wp\/v2\/media?parent=65"}],"curies":[{"name":"wp","href":"https:\/\/api.w.org\/{rel}","templated":true}]}}