{"id":61,"date":"2021-02-18T00:34:28","date_gmt":"2021-02-17T23:34:28","guid":{"rendered":"https:\/\/zamred.com\/?page_id=61"},"modified":"2021-03-09T11:25:21","modified_gmt":"2021-03-09T10:25:21","slug":"industry-4-0","status":"publish","type":"page","link":"https:\/\/www.zamred.com\/de\/industry-4-0\/","title":{"rendered":"Industrie 4.0"},"content":{"rendered":"<div data-elementor-type=\"wp-page\" data-elementor-id=\"61\" class=\"elementor elementor-61\" data-elementor-post-type=\"page\">\n\t\t\t\t\t\t<section class=\"elementor-section elementor-top-section elementor-element elementor-element-a3f794b elementor-section-full_width elementor-section-height-min-height elementor-section-height-default elementor-section-items-middle\" data-id=\"a3f794b\" data-element_type=\"section\" data-e-type=\"section\" data-settings=\"{&quot;background_background&quot;:&quot;classic&quot;}\">\n\t\t\t\t\t\t<div class=\"elementor-container elementor-column-gap-default\">\n\t\t\t\t\t<div class=\"elementor-column elementor-col-100 elementor-top-column elementor-element elementor-element-c3c618c\" data-id=\"c3c618c\" data-element_type=\"column\" data-e-type=\"column\">\n\t\t\t<div class=\"elementor-widget-wrap elementor-element-populated\">\n\t\t\t\t\t\t<section class=\"elementor-section elementor-inner-section elementor-element elementor-element-a9a868c elementor-section-boxed elementor-section-height-default elementor-section-height-default\" data-id=\"a9a868c\" data-element_type=\"section\" data-e-type=\"section\">\n\t\t\t\t\t\t<div class=\"elementor-container elementor-column-gap-default\">\n\t\t\t\t\t<div class=\"elementor-column elementor-col-50 elementor-inner-column elementor-element elementor-element-9a05fc2\" data-id=\"9a05fc2\" data-element_type=\"column\" data-e-type=\"column\">\n\t\t\t<div class=\"elementor-widget-wrap elementor-element-populated\">\n\t\t\t\t\t\t<div class=\"elementor-element elementor-element-180042d de_scroll_animation_no elementor-invisible elementor-widget elementor-widget-heading\" data-id=\"180042d\" data-element_type=\"widget\" data-e-type=\"widget\" data-settings=\"{&quot;_animation&quot;:&quot;fadeInUp&quot;,&quot;_animation_delay&quot;:300}\" data-widget_type=\"heading.default\">\n\t\t\t\t<div class=\"elementor-widget-container\">\n\t\t\t\t\t<h2 class=\"elementor-heading-title elementor-size-default\">Br\u00fcckenschlag zwischen der physischen und der digitalen Welt<\/h2>\t\t\t\t<\/div>\n\t\t\t\t<\/div>\n\t\t\t\t<div class=\"elementor-element elementor-element-dae0c11 de_scroll_animation_no elementor-invisible elementor-widget elementor-widget-text-editor\" data-id=\"dae0c11\" data-element_type=\"widget\" data-e-type=\"widget\" data-settings=\"{&quot;_animation&quot;:&quot;fadeInDown&quot;,&quot;_animation_delay&quot;:300}\" data-widget_type=\"text-editor.default\">\n\t\t\t\t<div class=\"elementor-widget-container\">\n\t\t\t\t\t\t\t\t\tDurch cyber-physische Systeme, erm\u00f6glicht durch das industrielle IoT\t\t\t\t\t\t\t\t<\/div>\n\t\t\t\t<\/div>\n\t\t\t\t\t<\/div>\n\t\t<\/div>\n\t\t\t\t<div class=\"elementor-column elementor-col-50 elementor-inner-column elementor-element elementor-element-4fb23a3\" data-id=\"4fb23a3\" data-element_type=\"column\" data-e-type=\"column\">\n\t\t\t<div class=\"elementor-widget-wrap\">\n\t\t\t\t\t\t\t<\/div>\n\t\t<\/div>\n\t\t\t\t\t<\/div>\n\t\t<\/section>\n\t\t\t\t\t<\/div>\n\t\t<\/div>\n\t\t\t\t\t<\/div>\n\t\t<\/section>\n\t\t\t\t<section class=\"elementor-section elementor-top-section elementor-element elementor-element-e8a65f1 elementor-section-full_width elementor-section-height-min-height elementor-section-height-default elementor-section-items-middle\" data-id=\"e8a65f1\" data-element_type=\"section\" data-e-type=\"section\" data-settings=\"{&quot;background_background&quot;:&quot;classic&quot;}\">\n\t\t\t\t\t\t\t<div class=\"elementor-background-overlay\"><\/div>\n\t\t\t\t\t\t\t<div class=\"elementor-container elementor-column-gap-default\">\n\t\t\t\t\t<div class=\"elementor-column elementor-col-100 elementor-top-column elementor-element elementor-element-4617348\" data-id=\"4617348\" data-element_type=\"column\" data-e-type=\"column\">\n\t\t\t<div class=\"elementor-widget-wrap elementor-element-populated\">\n\t\t\t\t\t\t<section class=\"elementor-section elementor-inner-section elementor-element elementor-element-a935fd4 elementor-section-boxed elementor-section-height-default elementor-section-height-default\" data-id=\"a935fd4\" data-element_type=\"section\" data-e-type=\"section\">\n\t\t\t\t\t\t<div class=\"elementor-container elementor-column-gap-default\">\n\t\t\t\t\t<div class=\"elementor-column elementor-col-50 elementor-inner-column elementor-element elementor-element-6cbfa7a elementor-invisible\" data-id=\"6cbfa7a\" data-element_type=\"column\" data-e-type=\"column\" data-settings=\"{&quot;animation&quot;:&quot;fadeInLeft&quot;,&quot;animation_delay&quot;:300}\">\n\t\t\t<div class=\"elementor-widget-wrap elementor-element-populated\">\n\t\t\t\t\t\t<div class=\"elementor-element elementor-element-d4e912a de_scroll_animation_no elementor-widget elementor-widget-heading\" data-id=\"d4e912a\" data-element_type=\"widget\" data-e-type=\"widget\" data-widget_type=\"heading.default\">\n\t\t\t\t<div class=\"elementor-widget-container\">\n\t\t\t\t\t<h2 class=\"elementor-heading-title elementor-size-default\">Digitale Transformation<\/h2>\t\t\t\t<\/div>\n\t\t\t\t<\/div>\n\t\t\t\t<div class=\"elementor-element elementor-element-8548cfe de_scroll_animation_no elementor-widget elementor-widget-text-editor\" data-id=\"8548cfe\" data-element_type=\"widget\" data-e-type=\"widget\" data-widget_type=\"text-editor.default\">\n\t\t\t\t<div class=\"elementor-widget-container\">\n\t\t\t\t\t\t\t\t\t<p><span class=\"VIiyi\" lang=\"en\"><span class=\"JLqJ4b ChMk0b\" data-language-for-alternatives=\"en\" data-language-to-translate-into=\"de\" data-phrase-index=\"2\">Die digitale Transformation ist eine der gro\u00dfen Herausforderungen unserer Zeit.<\/span> <span class=\"JLqJ4b ChMk0b\" data-language-for-alternatives=\"en\" data-language-to-translate-into=\"de\" data-phrase-index=\"3\">But what does this mean for complex capital goods or services?<\/span> <span class=\"JLqJ4b ChMk0b\" data-language-for-alternatives=\"en\" data-language-to-translate-into=\"de\" data-phrase-index=\"4\">Wie k\u00f6nnen Vernetzung, Kommunikation und gro\u00dfe Datenmengen genutzt werden, um Ihr Angebot zu bereichern oder sogar einzigartig zu machen?<\/span><\/span><\/p>\t\t\t\t\t\t\t\t<\/div>\n\t\t\t\t<\/div>\n\t\t\t\t<div class=\"elementor-element elementor-element-6df37c3 elementor-align-right de_scroll_animation_no elementor-widget elementor-widget-button\" data-id=\"6df37c3\" data-element_type=\"widget\" data-e-type=\"widget\" data-widget_type=\"button.default\">\n\t\t\t\t<div class=\"elementor-widget-container\">\n\t\t\t\t\t\t\t\t\t<div class=\"elementor-button-wrapper\">\n\t\t\t\t\t<a class=\"elementor-button elementor-button-link elementor-size-sm\" href=\"https:\/\/www.zamred.com\/de\/digital-transformation\/\">\n\t\t\t\t\t\t<span class=\"elementor-button-content-wrapper\">\n\t\t\t\t\t\t\t\t\t<span class=\"elementor-button-text\">Mehr Erfahren<\/span>\n\t\t\t\t\t<\/span>\n\t\t\t\t\t<\/a>\n\t\t\t\t<\/div>\n\t\t\t\t\t\t\t\t<\/div>\n\t\t\t\t<\/div>\n\t\t\t\t\t<\/div>\n\t\t<\/div>\n\t\t\t\t<div class=\"elementor-column elementor-col-50 elementor-inner-column elementor-element elementor-element-016f766 elementor-invisible\" data-id=\"016f766\" data-element_type=\"column\" data-e-type=\"column\" data-settings=\"{&quot;animation&quot;:&quot;fadeInRight&quot;,&quot;animation_delay&quot;:300}\">\n\t\t\t<div class=\"elementor-widget-wrap elementor-element-populated\">\n\t\t\t\t\t\t<div class=\"elementor-element elementor-element-2479a55 de_scroll_animation_no elementor-widget elementor-widget-image\" data-id=\"2479a55\" data-element_type=\"widget\" data-e-type=\"widget\" data-widget_type=\"image.default\">\n\t\t\t\t<div class=\"elementor-widget-container\">\n\t\t\t\t\t\t\t\t\t\t\t\t\t\t\t<img fetchpriority=\"high\" decoding=\"async\" width=\"800\" height=\"547\" src=\"https:\/\/www.zamred.com\/wp-content\/uploads\/2021\/02\/industry_40-1024x700.png\" class=\"attachment-large size-large wp-image-570\" alt=\"\" srcset=\"https:\/\/www.zamred.com\/wp-content\/uploads\/2021\/02\/industry_40-1024x700.png 1024w, https:\/\/www.zamred.com\/wp-content\/uploads\/2021\/02\/industry_40-300x205.png 300w, https:\/\/www.zamred.com\/wp-content\/uploads\/2021\/02\/industry_40-768x525.png 768w, https:\/\/www.zamred.com\/wp-content\/uploads\/2021\/02\/industry_40.png 1200w\" sizes=\"(max-width: 800px) 100vw, 800px\" \/>\t\t\t\t\t\t\t\t\t\t\t\t\t\t\t<\/div>\n\t\t\t\t<\/div>\n\t\t\t\t\t<\/div>\n\t\t<\/div>\n\t\t\t\t\t<\/div>\n\t\t<\/section>\n\t\t\t\t\t<\/div>\n\t\t<\/div>\n\t\t\t\t\t<\/div>\n\t\t<\/section>\n\t\t\t\t<section class=\"elementor-section elementor-top-section elementor-element elementor-element-2ed614d elementor-section-height-min-height elementor-section-items-stretch elementor-section-content-middle elementor-section-boxed elementor-section-height-default\" data-id=\"2ed614d\" data-element_type=\"section\" data-e-type=\"section\" data-settings=\"{&quot;background_background&quot;:&quot;classic&quot;}\">\n\t\t\t\t\t\t<div class=\"elementor-container elementor-column-gap-wide\">\n\t\t\t\t\t<div class=\"elementor-column elementor-col-50 elementor-top-column elementor-element elementor-element-f62265d elementor-invisible\" data-id=\"f62265d\" data-element_type=\"column\" data-e-type=\"column\" data-settings=\"{&quot;animation&quot;:&quot;fadeInLeft&quot;,&quot;animation_delay&quot;:300}\">\n\t\t\t<div class=\"elementor-widget-wrap elementor-element-populated\">\n\t\t\t\t\t\t<div class=\"elementor-element elementor-element-2c57689 de_scroll_animation_no elementor-widget elementor-widget-image\" data-id=\"2c57689\" data-element_type=\"widget\" data-e-type=\"widget\" data-widget_type=\"image.default\">\n\t\t\t\t<div class=\"elementor-widget-container\">\n\t\t\t\t\t\t\t\t\t\t\t\t\t\t\t<img decoding=\"async\" width=\"800\" height=\"534\" src=\"https:\/\/www.zamred.com\/wp-content\/uploads\/2021\/02\/industry-4-0.jpg\" class=\"attachment-large size-large wp-image-638\" alt=\"\" srcset=\"https:\/\/www.zamred.com\/wp-content\/uploads\/2021\/02\/industry-4-0.jpg 1000w, https:\/\/www.zamred.com\/wp-content\/uploads\/2021\/02\/industry-4-0-300x200.jpg 300w, https:\/\/www.zamred.com\/wp-content\/uploads\/2021\/02\/industry-4-0-768x512.jpg 768w\" sizes=\"(max-width: 800px) 100vw, 800px\" \/>\t\t\t\t\t\t\t\t\t\t\t\t\t\t\t<\/div>\n\t\t\t\t<\/div>\n\t\t\t\t\t<\/div>\n\t\t<\/div>\n\t\t\t\t<div class=\"elementor-column elementor-col-50 elementor-top-column elementor-element elementor-element-341afcc elementor-invisible\" data-id=\"341afcc\" data-element_type=\"column\" data-e-type=\"column\" data-settings=\"{&quot;animation&quot;:&quot;fadeInRight&quot;,&quot;animation_delay&quot;:300}\">\n\t\t\t<div class=\"elementor-widget-wrap elementor-element-populated\">\n\t\t\t\t\t\t<div class=\"elementor-element elementor-element-fe913e5 de_scroll_animation_no elementor-widget elementor-widget-heading\" data-id=\"fe913e5\" data-element_type=\"widget\" data-e-type=\"widget\" data-widget_type=\"heading.default\">\n\t\t\t\t<div class=\"elementor-widget-container\">\n\t\t\t\t\t<h2 class=\"elementor-heading-title elementor-size-default\">IOT-L\u00f6sungen<\/h2>\t\t\t\t<\/div>\n\t\t\t\t<\/div>\n\t\t\t\t<div class=\"elementor-element elementor-element-516015c de_scroll_animation_no elementor-widget elementor-widget-text-editor\" data-id=\"516015c\" data-element_type=\"widget\" data-e-type=\"widget\" data-widget_type=\"text-editor.default\">\n\t\t\t\t<div class=\"elementor-widget-container\">\n\t\t\t\t\t\t\t\t\t<p><span class=\"VIiyi\" lang=\"en\"><span class=\"JLqJ4b ChMk0b\" data-language-for-alternatives=\"en\" data-language-to-translate-into=\"de\" data-phrase-index=\"0\">Das Internet der Dinge, also die unabh\u00e4ngige Kommunikation zwischen Maschinen und Ger\u00e4ten, ist ein zentrales Element der digitalen Transformation.<\/span> <span class=\"JLqJ4b ChMk0b\" data-language-for-alternatives=\"en\" data-language-to-translate-into=\"de\" data-phrase-index=\"2\">Doch welche M\u00f6glichkeiten gibt es, um Daten f\u00fcr den Austausch bereitzustellen und sie f\u00fcr den Verbesserungsprozess nutzbar zu machen?<\/span> <span class=\"JLqJ4b ChMk0b\" data-language-for-alternatives=\"en\" data-language-to-translate-into=\"de\" data-phrase-index=\"3\">Viele Hersteller bieten bereits Standardkomponenten an.<\/span> <span class=\"JLqJ4b ChMk0b\" data-language-for-alternatives=\"en\" data-language-to-translate-into=\"de\" data-phrase-index=\"4\">Diese entsprechen jedoch selten den individuellen Anforderungen hochspezialisierter Unternehmen.<\/span> <span class=\"JLqJ4b ChMk0b\" data-language-for-alternatives=\"en\" data-language-to-translate-into=\"de\" data-phrase-index=\"5\">Vorhandene Maschinen verschiedener Hersteller k\u00f6nnen oft nicht miteinander verbunden werden.<\/span><\/span><\/p>\t\t\t\t\t\t\t\t<\/div>\n\t\t\t\t<\/div>\n\t\t\t\t<div class=\"elementor-element elementor-element-149dea0 elementor-align-right de_scroll_animation_no elementor-widget elementor-widget-button\" data-id=\"149dea0\" data-element_type=\"widget\" data-e-type=\"widget\" data-widget_type=\"button.default\">\n\t\t\t\t<div class=\"elementor-widget-container\">\n\t\t\t\t\t\t\t\t\t<div class=\"elementor-button-wrapper\">\n\t\t\t\t\t<a class=\"elementor-button elementor-button-link elementor-size-sm\" href=\"https:\/\/www.zamred.com\/de\/iot-solutions\/\">\n\t\t\t\t\t\t<span class=\"elementor-button-content-wrapper\">\n\t\t\t\t\t\t\t\t\t<span class=\"elementor-button-text\">Mehr Erfahren<\/span>\n\t\t\t\t\t<\/span>\n\t\t\t\t\t<\/a>\n\t\t\t\t<\/div>\n\t\t\t\t\t\t\t\t<\/div>\n\t\t\t\t<\/div>\n\t\t\t\t\t<\/div>\n\t\t<\/div>\n\t\t\t\t\t<\/div>\n\t\t<\/section>\n\t\t\t\t<\/div>","protected":false},"excerpt":{"rendered":"<p>Bridging of the physical and digital world Through cyber-physical systems, enabled by Industrial IoT Digital Transformation The digital transformation is one of the great challenges of our time. But what does this mean for complex capital goods or services? How can networking, communication and large amounts of data be used to enrich your offer or [&hellip;]<\/p>\n","protected":false},"author":5,"featured_media":0,"parent":0,"menu_order":0,"comment_status":"closed","ping_status":"closed","template":"","meta":{"footnotes":""},"class_list":["post-61","page","type-page","status-publish","hentry"],"yoast_head":"<!-- This site is optimized with the Yoast SEO plugin v27.5 - https:\/\/yoast.com\/product\/yoast-seo-wordpress\/ -->\n<title>Industry 4.0 - Zamred GmbH<\/title>\n<meta name=\"robots\" content=\"index, follow, max-snippet:-1, max-image-preview:large, max-video-preview:-1\" \/>\n<link rel=\"canonical\" href=\"https:\/\/www.zamred.com\/de\/industry-4-0\/\" \/>\n<meta property=\"og:locale\" content=\"de_DE\" \/>\n<meta property=\"og:type\" content=\"article\" \/>\n<meta property=\"og:title\" content=\"Industry 4.0 - Zamred GmbH\" \/>\n<meta property=\"og:description\" content=\"Bridging of the physical and digital world Through cyber-physical systems, enabled by Industrial IoT Digital Transformation The digital transformation is one of the great challenges of our time. But what does this mean for complex capital goods or services? How can networking, communication and large amounts of data be used to enrich your offer or [&hellip;]\" \/>\n<meta property=\"og:url\" content=\"https:\/\/www.zamred.com\/de\/industry-4-0\/\" \/>\n<meta property=\"og:site_name\" content=\"Zamred GmbH\" \/>\n<meta property=\"article:modified_time\" content=\"2021-03-09T10:25:21+00:00\" \/>\n<meta property=\"og:image\" content=\"https:\/\/zamred.com\/wp-content\/uploads\/2021\/02\/industry_40-1024x700.png\" \/>\n<meta name=\"twitter:card\" content=\"summary_large_image\" \/>\n<meta name=\"twitter:label1\" content=\"Gesch\u00e4tzte Lesezeit\" \/>\n\t<meta name=\"twitter:data1\" content=\"1\u00a0Minute\" \/>\n<script type=\"application\/ld+json\" class=\"yoast-schema-graph\">{\"@context\":\"https:\\\/\\\/schema.org\",\"@graph\":[{\"@type\":\"WebPage\",\"@id\":\"https:\\\/\\\/www.zamred.com\\\/industry-4-0\\\/\",\"url\":\"https:\\\/\\\/www.zamred.com\\\/industry-4-0\\\/\",\"name\":\"Industry 4.0 - Zamred GmbH\",\"isPartOf\":{\"@id\":\"https:\\\/\\\/www.zamred.com\\\/#website\"},\"primaryImageOfPage\":{\"@id\":\"https:\\\/\\\/www.zamred.com\\\/industry-4-0\\\/#primaryimage\"},\"image\":{\"@id\":\"https:\\\/\\\/www.zamred.com\\\/industry-4-0\\\/#primaryimage\"},\"thumbnailUrl\":\"https:\\\/\\\/zamred.com\\\/wp-content\\\/uploads\\\/2021\\\/02\\\/industry_40-1024x700.png\",\"datePublished\":\"2021-02-17T23:34:28+00:00\",\"dateModified\":\"2021-03-09T10:25:21+00:00\",\"breadcrumb\":{\"@id\":\"https:\\\/\\\/www.zamred.com\\\/industry-4-0\\\/#breadcrumb\"},\"inLanguage\":\"de\",\"potentialAction\":[{\"@type\":\"ReadAction\",\"target\":[\"https:\\\/\\\/www.zamred.com\\\/industry-4-0\\\/\"]}]},{\"@type\":\"ImageObject\",\"inLanguage\":\"de\",\"@id\":\"https:\\\/\\\/www.zamred.com\\\/industry-4-0\\\/#primaryimage\",\"url\":\"https:\\\/\\\/zamred.com\\\/wp-content\\\/uploads\\\/2021\\\/02\\\/industry_40-1024x700.png\",\"contentUrl\":\"https:\\\/\\\/zamred.com\\\/wp-content\\\/uploads\\\/2021\\\/02\\\/industry_40-1024x700.png\"},{\"@type\":\"BreadcrumbList\",\"@id\":\"https:\\\/\\\/www.zamred.com\\\/industry-4-0\\\/#breadcrumb\",\"itemListElement\":[{\"@type\":\"ListItem\",\"position\":1,\"name\":\"Home\",\"item\":\"https:\\\/\\\/www.zamred.com\\\/\"},{\"@type\":\"ListItem\",\"position\":2,\"name\":\"Industry 4.0\"}]},{\"@type\":\"WebSite\",\"@id\":\"https:\\\/\\\/www.zamred.com\\\/#website\",\"url\":\"https:\\\/\\\/www.zamred.com\\\/\",\"name\":\"Zamred\",\"description\":\"Redefining our digital the future!\",\"publisher\":{\"@id\":\"https:\\\/\\\/www.zamred.com\\\/#organization\"},\"potentialAction\":[{\"@type\":\"SearchAction\",\"target\":{\"@type\":\"EntryPoint\",\"urlTemplate\":\"https:\\\/\\\/www.zamred.com\\\/?s={search_term_string}\"},\"query-input\":{\"@type\":\"PropertyValueSpecification\",\"valueRequired\":true,\"valueName\":\"search_term_string\"}}],\"inLanguage\":\"de\"},{\"@type\":\"Organization\",\"@id\":\"https:\\\/\\\/www.zamred.com\\\/#organization\",\"name\":\"Zamred\",\"url\":\"https:\\\/\\\/www.zamred.com\\\/\",\"logo\":{\"@type\":\"ImageObject\",\"inLanguage\":\"de\",\"@id\":\"https:\\\/\\\/www.zamred.com\\\/#\\\/schema\\\/logo\\\/image\\\/\",\"url\":\"https:\\\/\\\/www.zamred.com\\\/wp-content\\\/uploads\\\/2021\\\/02\\\/light_logo.png\",\"contentUrl\":\"https:\\\/\\\/www.zamred.com\\\/wp-content\\\/uploads\\\/2021\\\/02\\\/light_logo.png\",\"width\":780,\"height\":150,\"caption\":\"Zamred\"},\"image\":{\"@id\":\"https:\\\/\\\/www.zamred.com\\\/#\\\/schema\\\/logo\\\/image\\\/\"}}]}<\/script>\n<!-- \/ Yoast SEO plugin. -->","yoast_head_json":{"title":"Industry 4.0 - Zamred GmbH","robots":{"index":"index","follow":"follow","max-snippet":"max-snippet:-1","max-image-preview":"max-image-preview:large","max-video-preview":"max-video-preview:-1"},"canonical":"https:\/\/www.zamred.com\/de\/industry-4-0\/","og_locale":"de_DE","og_type":"article","og_title":"Industry 4.0 - Zamred GmbH","og_description":"Bridging of the physical and digital world Through cyber-physical systems, enabled by Industrial IoT Digital Transformation The digital transformation is one of the great challenges of our time. But what does this mean for complex capital goods or services? How can networking, communication and large amounts of data be used to enrich your offer or [&hellip;]","og_url":"https:\/\/www.zamred.com\/de\/industry-4-0\/","og_site_name":"Zamred GmbH","article_modified_time":"2021-03-09T10:25:21+00:00","og_image":[{"url":"https:\/\/zamred.com\/wp-content\/uploads\/2021\/02\/industry_40-1024x700.png","type":"","width":"","height":""}],"twitter_card":"summary_large_image","twitter_misc":{"Gesch\u00e4tzte Lesezeit":"1\u00a0Minute"},"schema":{"@context":"https:\/\/schema.org","@graph":[{"@type":"WebPage","@id":"https:\/\/www.zamred.com\/industry-4-0\/","url":"https:\/\/www.zamred.com\/industry-4-0\/","name":"Industry 4.0 - Zamred GmbH","isPartOf":{"@id":"https:\/\/www.zamred.com\/#website"},"primaryImageOfPage":{"@id":"https:\/\/www.zamred.com\/industry-4-0\/#primaryimage"},"image":{"@id":"https:\/\/www.zamred.com\/industry-4-0\/#primaryimage"},"thumbnailUrl":"https:\/\/zamred.com\/wp-content\/uploads\/2021\/02\/industry_40-1024x700.png","datePublished":"2021-02-17T23:34:28+00:00","dateModified":"2021-03-09T10:25:21+00:00","breadcrumb":{"@id":"https:\/\/www.zamred.com\/industry-4-0\/#breadcrumb"},"inLanguage":"de","potentialAction":[{"@type":"ReadAction","target":["https:\/\/www.zamred.com\/industry-4-0\/"]}]},{"@type":"ImageObject","inLanguage":"de","@id":"https:\/\/www.zamred.com\/industry-4-0\/#primaryimage","url":"https:\/\/zamred.com\/wp-content\/uploads\/2021\/02\/industry_40-1024x700.png","contentUrl":"https:\/\/zamred.com\/wp-content\/uploads\/2021\/02\/industry_40-1024x700.png"},{"@type":"BreadcrumbList","@id":"https:\/\/www.zamred.com\/industry-4-0\/#breadcrumb","itemListElement":[{"@type":"ListItem","position":1,"name":"Home","item":"https:\/\/www.zamred.com\/"},{"@type":"ListItem","position":2,"name":"Industry 4.0"}]},{"@type":"WebSite","@id":"https:\/\/www.zamred.com\/#website","url":"https:\/\/www.zamred.com\/","name":"Zamred","description":"Redefining our digital the future!","publisher":{"@id":"https:\/\/www.zamred.com\/#organization"},"potentialAction":[{"@type":"SearchAction","target":{"@type":"EntryPoint","urlTemplate":"https:\/\/www.zamred.com\/?s={search_term_string}"},"query-input":{"@type":"PropertyValueSpecification","valueRequired":true,"valueName":"search_term_string"}}],"inLanguage":"de"},{"@type":"Organization","@id":"https:\/\/www.zamred.com\/#organization","name":"Zamred","url":"https:\/\/www.zamred.com\/","logo":{"@type":"ImageObject","inLanguage":"de","@id":"https:\/\/www.zamred.com\/#\/schema\/logo\/image\/","url":"https:\/\/www.zamred.com\/wp-content\/uploads\/2021\/02\/light_logo.png","contentUrl":"https:\/\/www.zamred.com\/wp-content\/uploads\/2021\/02\/light_logo.png","width":780,"height":150,"caption":"Zamred"},"image":{"@id":"https:\/\/www.zamred.com\/#\/schema\/logo\/image\/"}}]}},"_links":{"self":[{"href":"https:\/\/www.zamred.com\/de\/wp-json\/wp\/v2\/pages\/61","targetHints":{"allow":["GET"]}}],"collection":[{"href":"https:\/\/www.zamred.com\/de\/wp-json\/wp\/v2\/pages"}],"about":[{"href":"https:\/\/www.zamred.com\/de\/wp-json\/wp\/v2\/types\/page"}],"author":[{"embeddable":true,"href":"https:\/\/www.zamred.com\/de\/wp-json\/wp\/v2\/users\/5"}],"replies":[{"embeddable":true,"href":"https:\/\/www.zamred.com\/de\/wp-json\/wp\/v2\/comments?post=61"}],"version-history":[{"count":130,"href":"https:\/\/www.zamred.com\/de\/wp-json\/wp\/v2\/pages\/61\/revisions"}],"predecessor-version":[{"id":2427,"href":"https:\/\/www.zamred.com\/de\/wp-json\/wp\/v2\/pages\/61\/revisions\/2427"}],"wp:attachment":[{"href":"https:\/\/www.zamred.com\/de\/wp-json\/wp\/v2\/media?parent=61"}],"curies":[{"name":"wp","href":"https:\/\/api.w.org\/{rel}","templated":true}]}}