{"id":3,"date":"2021-02-17T20:04:38","date_gmt":"2021-02-17T20:04:38","guid":{"rendered":"http:\/\/zamred.com\/?page_id=3"},"modified":"2021-12-23T23:49:49","modified_gmt":"2021-12-23T22:49:49","slug":"privacy-policy","status":"publish","type":"page","link":"https:\/\/www.zamred.com\/de\/privacy-policy\/","title":{"rendered":"Datenschutzbestimmungen"},"content":{"rendered":"<div data-elementor-type=\"wp-page\" data-elementor-id=\"3\" class=\"elementor elementor-3\" data-elementor-post-type=\"page\">\n\t\t\t\t\t\t<section class=\"elementor-section elementor-top-section elementor-element elementor-element-519c3d88 elementor-section-boxed elementor-section-height-default elementor-section-height-default\" data-id=\"519c3d88\" data-element_type=\"section\" data-e-type=\"section\">\n\t\t\t\t\t\t<div class=\"elementor-container elementor-column-gap-default\">\n\t\t\t\t\t<div class=\"elementor-column elementor-col-100 elementor-top-column elementor-element elementor-element-554c7545\" data-id=\"554c7545\" data-element_type=\"column\" data-e-type=\"column\">\n\t\t\t<div class=\"elementor-widget-wrap elementor-element-populated\">\n\t\t\t\t\t\t<div class=\"elementor-element elementor-element-3508fe45 de_scroll_animation_no elementor-widget elementor-widget-text-editor\" data-id=\"3508fe45\" data-element_type=\"widget\" data-e-type=\"widget\" data-widget_type=\"text-editor.default\">\n\t\t\t\t<div class=\"elementor-widget-container\">\n\t\t\t\t\t\t\t\t\t<h2>Wer wir sind<\/h2><p>At Zamred GmbH, accessible from https:\/\/www.zamred.com, one of our main priorities is the privacy of our visitors. This Privacy Policy document contains types of information that is collected and recorded by Zamred GmbH and how we use it.<\/p><p>Wenn Sie weitere Fragen haben oder weitere Informationen zu unserer Datenschutzerkl\u00e4rung ben\u00f6tigen, z\u00f6gern Sie nicht, uns zu kontaktieren.<\/p><p>Diese Datenschutzrichtlinie gilt nur f\u00fcr unsere Online-Aktivit\u00e4ten und f\u00fcr die Besucher unserer Website in Bezug auf die Informationen, die sie in Zamred teilen und\/oder sammeln. Diese Richtlinie ist nicht anwendbar auf Informationen, die offline oder \u00fcber andere Kan\u00e4le als diese Website gesammelt werden.<\/p><h2>Zustimmung<\/h2><p>Durch die Nutzung unserer Website stimmen Sie hiermit unserer Datenschutzrichtlinie zu und stimmen ihren Bedingungen zu.<\/p><h2>Informationen, die wir sammeln<\/h2><p>Die personenbezogenen Daten, um die Sie gebeten werden, und die Gr\u00fcnde, warum Sie gebeten werden, diese anzugeben, werden Ihnen an der Stelle deutlich gemacht, an der wir Sie um die Angabe Ihrer personenbezogenen Daten bitten.<\/p><p>Wenn Sie sich direkt an uns wenden, k\u00f6nnen wir zus\u00e4tzliche Informationen \u00fcber Sie erhalten, wie z. B. Ihren Namen, Ihre E-Mail-Adresse, Ihre Telefonnummer, den Inhalt der Nachricht und\/oder Anh\u00e4nge, die Sie uns senden, und andere Informationen, die Sie uns zur Verf\u00fcgung stellen m\u00f6chten.<\/p><p>Wenn Sie sich direkt an uns wenden, can wir zus\u00e4tzliche Informationen \u00fcber SIE erhalten, wie z. B. Ihren Namen, Ihre E-Mail-Adresse, Ihre Telefonnummer, den Inhalt der Nachricht und\/oder Anh\u00e4nge, die Sie uns senden, und andere Informationen, die Sie uns zur Verf\u00fcgung stellen m\u00f6chten.<\/p><h2>Wie wir Ihre Informationen verwenden<\/h2><p>Wir verwenden die von uns gesammelten Informationen auf verschiedene Weise, unter anderem um:<\/p><ul><li>Bereitstellung, Betrieb und Wartung unserer Website<\/li><li>Verbessern, personalisieren und erweitern Sie unsere Website<\/li><li>Verstehen und analysieren Sie, wie Sie unsere Website nutzen<\/li><li>Entwickeln Sie neue Produkte, Dienste, Funktionen und Funktionen<\/li><li>Kommunikation mit Ihnen, entweder direkt oder \u00fcber einen unserer Partner, auch f\u00fcr den Kundenservice, um Ihnen Updates und andere Informationen in Bezug auf die Website bereitzustellen, sowie f\u00fcr Marketing- und Werbezwecke\nSchicke dir E-Mails<\/li><li>Schicke dir E-Mails<\/li><li>Betrug erkennen und verhindern<\/li><\/ul><h2>Protokolldateien<\/h2><p>Zamred GmbH follows a standard procedure of using log files. These files log visitors when they visit websites. All hosting companies do this and a part of hosting services&#8217; analytics. The information collected by log files include internet protocol (IP) addresses, browser type, Internet Service Provider (ISP), date and time stamp, referring\/exit pages, and possibly the number of clicks. These are not linked to any information that is personally identifiable. The purpose of the information is for analyzing trends, administering the site, tracking users&#8217; movement on the website, and gathering demographic information.<\/p><h2>\u00dcber diese Cookie-Richtlinie<\/h2><p>Diese Cookie-Richtlinie erkl\u00e4rt, was Cookies sind und wie wir sie verwenden, die Arten von Cookies, die wir verwenden, d. h. die Informationen, die wir mithilfe von Cookies sammeln und wie diese Informationen verwendet werden, und wie Sie die Cookie-Einstellungen steuern. Weitere Informationen dar\u00fcber, wie wir Ihre personenbezogenen Daten verwenden, speichern und sch\u00fctzen, finden Sie in unserer Datenschutzerkl\u00e4rung.<\/p><p>Sie k\u00f6nnen die Cookie-Erkl\u00e4rung auf unserer Website jederzeit \u00e4ndern oder Ihre Einwilligung widerrufen<\/p><p>Erfahren Sie in unserer Datenschutzerkl\u00e4rung mehr dar\u00fcber, wer wir sind, wie Sie uns kontaktieren k\u00f6nnen und wie wir personenbezogene Daten verarbeiten.<\/p><p>Ihre Einwilligung gilt f\u00fcr die folgenden Domains: www.zamred.com <a href=\"https:\/\/www.zamred.com\/de\/\">www.zamred.com<\/a><\/p><p><div class=\"cli_user_consent_state\">Ihr aktueller Status: Keine Einwilligung erteilt. <a class=\"cli_manage_current_consent\" style=\"cursor:pointer;text-decoration:underline;\">Verwalten Sie Ihre Einwilligung<\/a> <\/div><\/p><h2>Was sind Cookies?<\/h2><p>Cookies sind kleine Textdateien, die dazu dienen, kleine Informationen zu speichern. Sie werden beim Laden der Website in Ihrem Browser auf Ihrem Endger\u00e4t gespeichert. Diese Cookies helfen uns, die Website richtig zu funktionieren, sie sicherer zu machen, eine bessere Benutzererfahrung zu bieten und die Leistung der Website zu verstehen und zu analysieren, was funktioniert und wo Verbesserungsbedarf besteht.<\/p><h2>Wie verwenden wir Cookies?<\/h2><p>Wie die meisten Online-Dienste verwendet unsere Website f\u00fcr verschiedene Zwecke Erst- und Drittanbieter-Cookies. First-Party-Cookies sind meist notwendig, damit die Website richtig funktioniert, und sammeln keine Ihrer personenbezogenen Daten.<\/p><p>Die auf unserer Website verwendeten Cookies von Drittanbietern dienen haupts\u00e4chlich dazu, die Leistung der Website zu verstehen, wie Sie mit unserer Website interagieren, die Sicherheit unserer Dienste zu gew\u00e4hrleisten, f\u00fcr Sie relevante Werbung bereitzustellen und Ihnen insgesamt einen besseren und verbesserten Benutzer zu bieten Erfahrung und helfen, Ihre zuk\u00fcnftigen Interaktionen mit unserer Website zu beschleunigen.<\/p><h2>Welche Arten von Cookies verwenden wir?<\/h2><p><span style=\"font-weight: bold;\">Essentiell:<\/span> Einige Cookies sind unerl\u00e4sslich, damit Sie die volle Funktionalit\u00e4t unserer Website nutzen k\u00f6nnen. Sie erm\u00f6glichen es uns, Benutzersitzungen aufrechtzuerhalten und Sicherheitsbedrohungen zu verhindern. Sie sammeln oder speichern keine personenbezogenen Daten. Mit diesen Cookies k\u00f6nnen Sie sich beispielsweise bei Ihrem Konto anmelden, Produkte in Ihren Warenkorb legen und sicher zur Kasse gehen.<\/p><p><span style=\"font-weight: bold;\">Statistiken:<\/span> Diese Cookies speichern Informationen wie die Anzahl der Besucher der Website, die Anzahl der einzelnen Besucher, welche Seiten der Website besucht wurden, die Quelle des Besuchs usw. Diese Daten helfen uns zu verstehen und zu analysieren, wie gut die Website funktioniert und wo es muss verbessert werden.<\/p><p><span style=\"font-weight: bold;\">Marketing:<\/span> Auf unserer Website werden Anzeigen geschaltet. Diese Cookies werden verwendet, um die Werbung, die wir Ihnen zeigen, so zu personalisieren, dass sie f\u00fcr Sie von Bedeutung ist. Diese Cookies helfen uns auch, die Effizienz dieser Werbekampagnen zu verfolgen.<\/p><p>Die in diesen Cookies gespeicherten Informationen k\u00f6nnen auch von den Drittanbietern von Anzeigen verwendet werden, um Ihnen auch auf anderen Websites im Browser Anzeigen anzuzeigen.<\/p><p><span style=\"font-weight: bold;\">Funktional:<\/span>\u00a0Dies sind die Cookies, die bestimmte nicht wesentliche Funktionen auf unserer Website unterst\u00fctzen. Zu diesen Funktionalit\u00e4ten geh\u00f6ren das Einbetten von Inhalten wie Videos oder das Teilen von Inhalten der Website auf Social-Media-Plattformen.<\/p><p><span style=\"font-weight: bold;\">Pr\u00e4ferenzen:<\/span> Diese Cookies helfen uns, Ihre Einstellungen und Browsereinstellungen wie Spracheinstellungen zu speichern, damit Sie bei zuk\u00fcnftigen Besuchen der Website ein besseres und effizienteres Erlebnis haben.<\/p><p><p>The below list details the cookies used in our website.<\/p><table class=\"cookielawinfo-row-cat-table cookielawinfo-classic\"><thead><tr><th class=\"cookielawinfo-column-1\">Cookie<\/th><th class=\"cookielawinfo-column-4\">Beschreibung<\/th><\/tr><\/thead><tbody><tr class=\"cookielawinfo-row\"><td class=\"cookielawinfo-column-1\">cookielawinfo-checbox-analytics<\/td><td class=\"cookielawinfo-column-4\">This cookie is set by GDPR Cookie Consent plugin. The cookie is used to store the user consent for the cookies in the category &#8220;Analytics&#8221;.<\/td><\/tr><tr class=\"cookielawinfo-row\"><td class=\"cookielawinfo-column-1\">cookielawinfo-checbox-functional<\/td><td class=\"cookielawinfo-column-4\">The cookie is set by GDPR cookie consent to record the user consent for the cookies in the category &#8220;Functional&#8221;.<\/td><\/tr><tr class=\"cookielawinfo-row\"><td class=\"cookielawinfo-column-1\">cookielawinfo-checbox-others<\/td><td class=\"cookielawinfo-column-4\">This cookie is set by GDPR Cookie Consent plugin. The cookie is used to store the user consent for the cookies in the category &#8220;Other.<\/td><\/tr><tr class=\"cookielawinfo-row\"><td class=\"cookielawinfo-column-1\">cookielawinfo-checkbox-necessary<\/td><td class=\"cookielawinfo-column-4\">This cookie is set by GDPR Cookie Consent plugin. The cookies is used to store the user consent for the cookies in the category &#8220;Necessary&#8221;.<\/td><\/tr><tr class=\"cookielawinfo-row\"><td class=\"cookielawinfo-column-1\">cookielawinfo-checkbox-performance<\/td><td class=\"cookielawinfo-column-4\">This cookie is set by GDPR Cookie Consent plugin. The cookie is used to store the user consent for the cookies in the category &#8220;Performance&#8221;.<\/td><\/tr><tr class=\"cookielawinfo-row\"><td class=\"cookielawinfo-column-1\">viewed_cookie_policy<\/td><td class=\"cookielawinfo-column-4\">The cookie is set by the GDPR Cookie Consent plugin and is used to store whether or not user has consented to the use of cookies. It does not store any personal data.<\/td><\/tr><\/tbody><\/table><\/p><h2>Wie kann ich die Cookie-Einstellungen steuern?<\/h2><p>Sollten Sie sich entschlie\u00dfen, Ihre Einstellungen sp\u00e4ter w\u00e4hrend Ihrer Browsersitzung zu \u00e4ndern, k\u00f6nnen Sie auf Ihrem Bildschirm auf die Registerkarte \u201eDatenschutz- und Cookie-Richtlinie\u201c klicken. Dadurch wird der Einwilligungshinweis erneut angezeigt, sodass Sie Ihre Einstellungen \u00e4ndern oder Ihre Einwilligung vollst\u00e4ndig widerrufen k\u00f6nnen.<\/p><p>Dar\u00fcber hinaus bieten verschiedene Browser unterschiedliche Methoden zum Blockieren und L\u00f6schen von Cookies, die von Websites verwendet werden. Sie k\u00f6nnen die Einstellungen Ihres Browsers \u00e4ndern, um die Cookies zu blockieren\/zu l\u00f6schen. Um mehr dar\u00fcber zu erfahren, wie Sie Cookies verwalten und l\u00f6schen, besuchen Sie <a href=\"https:\/\/en.wikipedia.org\/wiki\/HTTP_cookie\" target=\"_blank\" rel=\"nofollow noopener\">wikipedia.org<\/a>, <a href=\"http:\/\/www.allaboutcookies.org\/\" target=\"_blank\" rel=\"nofollow noopener\">www.allaboutcookies.org.<\/a><\/p><h2>Advertising Partners Privacy Policies<\/h2><p>Sie k\u00f6nnen diese Liste konsultieren, um die Datenschutzrichtlinien f\u00fcr jeden der Werbepartner von Zamred zu finden.<\/p><p>Adserver oder Werbenetzwerke von Drittanbietern verwenden Technologien wie Cookies, JavaScript oder Web Beacons, die in ihren jeweiligen Anzeigen verwendet werden, und Links, die auf Zamred erscheinen und direkt an den Browser der Benutzer gesendet werden. Sie erhalten dabei automatisch Ihre IP-Adresse. Diese Technologien werden verwendet, um die Wirksamkeit ihrer Werbekampagnen zu messen und\/oder die Werbeinhalte zu personalisieren, die Sie auf den von Ihnen besuchten Websites sehen.<\/p><p>Note that Zamred GmbH has no access to or control over these cookies that are used by third-party advertisers.<\/p><h2>Datenschutzrichtlinien von Drittanbietern<\/h2><p>Zamred GmbH Privacy Policy does not apply to other advertisers or websites. Thus, we are advising you to consult the respective Privacy Policies of these third-party ad servers for more detailed information. It may include their practices and instructions about how to opt-out of certain options.<\/p><p>Sie k\u00f6nnen Cookies \u00fcber Ihre individuellen Browseroptionen deaktivieren. Detailliertere Informationen zur Cookie-Verwaltung mit bestimmten Webbrowsern finden Sie auf den jeweiligen Websites der Browser.<\/p><h2>CCPA-Datenschutzrechte (Meine pers\u00f6nlichen Daten nicht verkaufen)<\/h2><p>Unter dem CCPA haben kalifornische Verbraucher unter anderem das Recht:<\/p><p>Fordern Sie auf, dass ein Unternehmen, das die personenbezogenen Daten eines Verbrauchers erhebt, die Kategorien und spezifischen Teile personenbezogener Daten offenlegt, die ein Unternehmen \u00fcber Verbraucher gesammelt hat.<\/p><p>Fordern Sie an, dass ein Unternehmen alle personenbezogenen Daten \u00fcber den Verbraucher l\u00f6scht, die ein Unternehmen gesammelt hat.<\/p><p>Fordern Sie an, dass ein Unternehmen alle personenbezogenen Daten \u00fcber den Verbraucher gel\u00f6scht, die ein Unternehmen gesammelt hat.<\/p><p>Wenn Sie eine Anfrage stellen, haben wir einen Monat Zeit, um Ihnen zu antworten. Wenn Sie eines dieser Rechte aus\u00fcben m\u00f6chten, kontaktieren Sie uns bitte.<\/p><h2>Datenschutzrechte der DSGVO<\/h2><p>Wir m\u00f6chten sicherstellen, dass Sie alle Ihre Datenschutzrechte kennen. Jeder Benutzer hat Anspruch auf Folgendes:<\/p><p>Das Recht auf Zugang \u2013 Sie haben das Recht, Kopien Ihrer personenbezogenen Daten anzufordern. F\u00fcr diesen Service k\u00f6nnen wir Ihnen eine geringe Geb\u00fchr in Rechnung stellen.<\/p><p>Das Recht auf Berichtigung \u2013 Sie haben das Recht, von uns die Berichtigung von Informationen zu verlangen, die Ihrer Meinung nach unrichtig sind. Sie haben auch das Recht, von uns die Vervollst\u00e4ndigung der Informationen zu verlangen, die Sie f\u00fcr unvollst\u00e4ndig halten.<\/p><p>Das Recht auf L\u00f6schung \u2013 Sie haben unter bestimmten Voraussetzungen das Recht, von uns die L\u00f6schung Ihrer personenbezogenen Daten zu verlangen.<\/p><p>Recht auf Einschr\u00e4nkung der Verarbeitung \u2013 Sie haben das Recht, unter bestimmten Voraussetzungen von uns die Einschr\u00e4nkung der Verarbeitung Ihrer personenbezogenen Daten zu verlangen.<\/p><p>Das Recht, der Verarbeitung zu widersprechen \u2013 Sie haben unter bestimmten Bedingungen das Recht, unserer Verarbeitung Ihrer personenbezogenen Daten zu widersprechen.<\/p><p>Das Recht auf Daten\u00fcbertragbarkeit \u2013 Sie haben das Recht zu verlangen, dass wir die von uns erhobenen Daten unter bestimmten Voraussetzungen an eine andere Organisation oder direkt an Sie \u00fcbermitteln.<\/p><p>Wenn Sie eine Anfrage stellen, haben wir einen Monat Zeit, um Ihnen zu antworten. Wenn Sie eines dieser Rechte aus\u00fcben m\u00f6chten, kontaktieren Sie uns bitte.<\/p><h2>Informationen f\u00fcr Kinder<\/h2><p>Ein weiterer Teil unserer Priorit\u00e4t ist der Schutz von Kindern bei der Nutzung des Internets. Wir ermutigen Eltern und Erziehungsberechtigte, ihre Online-Aktivit\u00e4ten zu beobachten, daran teilzunehmen und\/oder zu \u00fcberwachen und zu leiten.<\/p><p>Ein weiterer Teil unserer Priorit\u00e4t ist der Schutz von Kindern bei der Nutzung des Internets. Wir Eltern regieren und Erziehungsberechtigte, ihre Online-Aktivit\u00e4ten zu beobachten, daran-Aktivit\u00e4ten und\/oder zu \u00fcberwachen und zu leiten.<\/p>\t\t\t\t\t\t\t\t<\/div>\n\t\t\t\t<\/div>\n\t\t\t\t\t<\/div>\n\t\t<\/div>\n\t\t\t\t\t<\/div>\n\t\t<\/section>\n\t\t\t\t<\/div>","protected":false},"excerpt":{"rendered":"<p>Who we are At Zamred GmbH, accessible from https:\/\/www.zamred.com, one of our main priorities is the privacy of our visitors. This Privacy Policy document contains types of information that is collected and recorded by Zamred GmbH and how we use it. If you have additional questions or require more information about our Privacy Policy, do [&hellip;]<\/p>\n","protected":false},"author":5,"featured_media":0,"parent":0,"menu_order":0,"comment_status":"closed","ping_status":"open","template":"","meta":{"footnotes":""},"class_list":["post-3","page","type-page","status-publish","hentry"],"yoast_head":"<!-- This site is optimized with the Yoast SEO plugin v27.5 - https:\/\/yoast.com\/product\/yoast-seo-wordpress\/ -->\n<title>Privacy Policy - Zamred GmbH<\/title>\n<meta name=\"robots\" content=\"index, follow, max-snippet:-1, max-image-preview:large, max-video-preview:-1\" \/>\n<link rel=\"canonical\" href=\"https:\/\/www.zamred.com\/de\/privacy-policy\/\" \/>\n<meta property=\"og:locale\" content=\"de_DE\" \/>\n<meta property=\"og:type\" content=\"article\" \/>\n<meta property=\"og:title\" content=\"Privacy Policy - Zamred GmbH\" \/>\n<meta property=\"og:description\" content=\"Who we are At Zamred GmbH, accessible from https:\/\/www.zamred.com, one of our main priorities is the privacy of our visitors. This Privacy Policy document contains types of information that is collected and recorded by Zamred GmbH and how we use it. If you have additional questions or require more information about our Privacy Policy, do [&hellip;]\" \/>\n<meta property=\"og:url\" content=\"https:\/\/www.zamred.com\/de\/privacy-policy\/\" \/>\n<meta property=\"og:site_name\" content=\"Zamred GmbH\" \/>\n<meta property=\"article:modified_time\" content=\"2021-12-23T22:49:49+00:00\" \/>\n<meta name=\"twitter:card\" content=\"summary_large_image\" \/>\n<meta name=\"twitter:label1\" content=\"Gesch\u00e4tzte Lesezeit\" \/>\n\t<meta name=\"twitter:data1\" content=\"8\u00a0Minuten\" \/>\n<script type=\"application\/ld+json\" class=\"yoast-schema-graph\">{\"@context\":\"https:\\\/\\\/schema.org\",\"@graph\":[{\"@type\":\"WebPage\",\"@id\":\"https:\\\/\\\/www.zamred.com\\\/privacy-policy\\\/\",\"url\":\"https:\\\/\\\/www.zamred.com\\\/privacy-policy\\\/\",\"name\":\"Privacy Policy - Zamred GmbH\",\"isPartOf\":{\"@id\":\"https:\\\/\\\/www.zamred.com\\\/#website\"},\"datePublished\":\"2021-02-17T20:04:38+00:00\",\"dateModified\":\"2021-12-23T22:49:49+00:00\",\"breadcrumb\":{\"@id\":\"https:\\\/\\\/www.zamred.com\\\/privacy-policy\\\/#breadcrumb\"},\"inLanguage\":\"de\",\"potentialAction\":[{\"@type\":\"ReadAction\",\"target\":[\"https:\\\/\\\/www.zamred.com\\\/privacy-policy\\\/\"]}]},{\"@type\":\"BreadcrumbList\",\"@id\":\"https:\\\/\\\/www.zamred.com\\\/privacy-policy\\\/#breadcrumb\",\"itemListElement\":[{\"@type\":\"ListItem\",\"position\":1,\"name\":\"Home\",\"item\":\"https:\\\/\\\/www.zamred.com\\\/\"},{\"@type\":\"ListItem\",\"position\":2,\"name\":\"Privacy Policy\"}]},{\"@type\":\"WebSite\",\"@id\":\"https:\\\/\\\/www.zamred.com\\\/#website\",\"url\":\"https:\\\/\\\/www.zamred.com\\\/\",\"name\":\"Zamred\",\"description\":\"Redefining our digital the future!\",\"publisher\":{\"@id\":\"https:\\\/\\\/www.zamred.com\\\/#organization\"},\"potentialAction\":[{\"@type\":\"SearchAction\",\"target\":{\"@type\":\"EntryPoint\",\"urlTemplate\":\"https:\\\/\\\/www.zamred.com\\\/?s={search_term_string}\"},\"query-input\":{\"@type\":\"PropertyValueSpecification\",\"valueRequired\":true,\"valueName\":\"search_term_string\"}}],\"inLanguage\":\"de\"},{\"@type\":\"Organization\",\"@id\":\"https:\\\/\\\/www.zamred.com\\\/#organization\",\"name\":\"Zamred\",\"url\":\"https:\\\/\\\/www.zamred.com\\\/\",\"logo\":{\"@type\":\"ImageObject\",\"inLanguage\":\"de\",\"@id\":\"https:\\\/\\\/www.zamred.com\\\/#\\\/schema\\\/logo\\\/image\\\/\",\"url\":\"https:\\\/\\\/www.zamred.com\\\/wp-content\\\/uploads\\\/2021\\\/02\\\/light_logo.png\",\"contentUrl\":\"https:\\\/\\\/www.zamred.com\\\/wp-content\\\/uploads\\\/2021\\\/02\\\/light_logo.png\",\"width\":780,\"height\":150,\"caption\":\"Zamred\"},\"image\":{\"@id\":\"https:\\\/\\\/www.zamred.com\\\/#\\\/schema\\\/logo\\\/image\\\/\"}}]}<\/script>\n<!-- \/ Yoast SEO plugin. -->","yoast_head_json":{"title":"Privacy Policy - Zamred GmbH","robots":{"index":"index","follow":"follow","max-snippet":"max-snippet:-1","max-image-preview":"max-image-preview:large","max-video-preview":"max-video-preview:-1"},"canonical":"https:\/\/www.zamred.com\/de\/privacy-policy\/","og_locale":"de_DE","og_type":"article","og_title":"Privacy Policy - Zamred GmbH","og_description":"Who we are At Zamred GmbH, accessible from https:\/\/www.zamred.com, one of our main priorities is the privacy of our visitors. This Privacy Policy document contains types of information that is collected and recorded by Zamred GmbH and how we use it. If you have additional questions or require more information about our Privacy Policy, do [&hellip;]","og_url":"https:\/\/www.zamred.com\/de\/privacy-policy\/","og_site_name":"Zamred GmbH","article_modified_time":"2021-12-23T22:49:49+00:00","twitter_card":"summary_large_image","twitter_misc":{"Gesch\u00e4tzte Lesezeit":"8\u00a0Minuten"},"schema":{"@context":"https:\/\/schema.org","@graph":[{"@type":"WebPage","@id":"https:\/\/www.zamred.com\/privacy-policy\/","url":"https:\/\/www.zamred.com\/privacy-policy\/","name":"Privacy Policy - Zamred GmbH","isPartOf":{"@id":"https:\/\/www.zamred.com\/#website"},"datePublished":"2021-02-17T20:04:38+00:00","dateModified":"2021-12-23T22:49:49+00:00","breadcrumb":{"@id":"https:\/\/www.zamred.com\/privacy-policy\/#breadcrumb"},"inLanguage":"de","potentialAction":[{"@type":"ReadAction","target":["https:\/\/www.zamred.com\/privacy-policy\/"]}]},{"@type":"BreadcrumbList","@id":"https:\/\/www.zamred.com\/privacy-policy\/#breadcrumb","itemListElement":[{"@type":"ListItem","position":1,"name":"Home","item":"https:\/\/www.zamred.com\/"},{"@type":"ListItem","position":2,"name":"Privacy Policy"}]},{"@type":"WebSite","@id":"https:\/\/www.zamred.com\/#website","url":"https:\/\/www.zamred.com\/","name":"Zamred","description":"Redefining our digital the future!","publisher":{"@id":"https:\/\/www.zamred.com\/#organization"},"potentialAction":[{"@type":"SearchAction","target":{"@type":"EntryPoint","urlTemplate":"https:\/\/www.zamred.com\/?s={search_term_string}"},"query-input":{"@type":"PropertyValueSpecification","valueRequired":true,"valueName":"search_term_string"}}],"inLanguage":"de"},{"@type":"Organization","@id":"https:\/\/www.zamred.com\/#organization","name":"Zamred","url":"https:\/\/www.zamred.com\/","logo":{"@type":"ImageObject","inLanguage":"de","@id":"https:\/\/www.zamred.com\/#\/schema\/logo\/image\/","url":"https:\/\/www.zamred.com\/wp-content\/uploads\/2021\/02\/light_logo.png","contentUrl":"https:\/\/www.zamred.com\/wp-content\/uploads\/2021\/02\/light_logo.png","width":780,"height":150,"caption":"Zamred"},"image":{"@id":"https:\/\/www.zamred.com\/#\/schema\/logo\/image\/"}}]}},"_links":{"self":[{"href":"https:\/\/www.zamred.com\/de\/wp-json\/wp\/v2\/pages\/3","targetHints":{"allow":["GET"]}}],"collection":[{"href":"https:\/\/www.zamred.com\/de\/wp-json\/wp\/v2\/pages"}],"about":[{"href":"https:\/\/www.zamred.com\/de\/wp-json\/wp\/v2\/types\/page"}],"author":[{"embeddable":true,"href":"https:\/\/www.zamred.com\/de\/wp-json\/wp\/v2\/users\/5"}],"replies":[{"embeddable":true,"href":"https:\/\/www.zamred.com\/de\/wp-json\/wp\/v2\/comments?post=3"}],"version-history":[{"count":24,"href":"https:\/\/www.zamred.com\/de\/wp-json\/wp\/v2\/pages\/3\/revisions"}],"predecessor-version":[{"id":3055,"href":"https:\/\/www.zamred.com\/de\/wp-json\/wp\/v2\/pages\/3\/revisions\/3055"}],"wp:attachment":[{"href":"https:\/\/www.zamred.com\/de\/wp-json\/wp\/v2\/media?parent=3"}],"curies":[{"name":"wp","href":"https:\/\/api.w.org\/{rel}","templated":true}]}}